{"id":1928,"date":"2023-07-17T05:47:37","date_gmt":"2023-07-17T05:47:37","guid":{"rendered":"https:\/\/themexriver.com\/wp\/haptic-wp\/?page_id=1928"},"modified":"2025-08-05T21:11:29","modified_gmt":"2025-08-05T21:11:29","slug":"kapcsolat","status":"publish","type":"page","link":"https:\/\/gyogyharisnya.hu\/en\/kapcsolat\/","title":{"rendered":"Contact"},"content":{"rendered":"<div data-elementor-type=\"wp-page\" data-elementor-id=\"1928\" class=\"elementor elementor-1928\">\n\t\t\t\t\t\t<section class=\"elementor-section elementor-top-section elementor-element elementor-element-055c81e elementor-section-boxed elementor-section-height-default elementor-section-height-default\" data-id=\"055c81e\" data-element_type=\"section\" data-settings=\"{&quot;background_background&quot;:&quot;classic&quot;}\">\n\t\t\t\t\t\t\t<div class=\"elementor-background-overlay\"><\/div>\n\t\t\t\t\t\t\t<div class=\"elementor-container elementor-column-gap-no\">\n\t\t\t\t\t<div class=\"elementor-column elementor-col-100 elementor-top-column elementor-element elementor-element-7644501\" data-id=\"7644501\" data-element_type=\"column\">\n\t\t\t<div class=\"elementor-widget-wrap elementor-element-populated\">\n\t\t\t\t\t\t<div class=\"elementor-element elementor-element-64c3382 elementor-widget elementor-widget-bings-breadcrumb\" data-id=\"64c3382\" data-element_type=\"widget\" data-widget_type=\"bings-breadcrumb.default\">\n\t\t\t\t<div class=\"elementor-widget-container\">\n\t\t\t\t\t    <div class=\"bi-breadcrumbs-content headline ul-li text-center\">\n\t\t<h1 class=\"page-heading\">Contact<\/h1>\n        <ul>\n            <li class=\"breadcrumb-item\"><a href=\"https:\/\/gyogyharisnya.hu\/en\/\">Home &nbsp;<\/a><\/li><li class=\"breadcrumb-item\"><a href=\"https:\/\/gyogyharisnya.hu\/en\/kapcsolat\/\"><\/a><\/li>        <\/ul>\n    <\/div>\n    \t\t\t\t<\/div>\n\t\t\t\t<\/div>\n\t\t\t\t\t<\/div>\n\t\t<\/div>\n\t\t\t\t\t<\/div>\n\t\t<\/section>\n\t\t\t\t<section class=\"elementor-section elementor-top-section elementor-element elementor-element-51aeb12 elementor-section-boxed elementor-section-height-default elementor-section-height-default\" data-id=\"51aeb12\" data-element_type=\"section\">\n\t\t\t\t\t\t<div class=\"elementor-container elementor-column-gap-default\">\n\t\t\t\t\t<div class=\"elementor-column elementor-col-100 elementor-top-column elementor-element elementor-element-d4aab09\" data-id=\"d4aab09\" data-element_type=\"column\">\n\t\t\t<div class=\"elementor-widget-wrap elementor-element-populated\">\n\t\t\t\t\t\t<div class=\"elementor-element elementor-element-4c312cb elementor-widget elementor-widget-bin-ct-infos\" data-id=\"4c312cb\" data-element_type=\"widget\" data-widget_type=\"bin-ct-infos.default\">\n\t\t\t\t<div class=\"elementor-widget-container\">\n\t\t\t\t\t\t<div class=\"bi-contact-info-content\">\n        <div class=\"row justify-content-center\">\n                        <div class=\"col-lg-4 col-md-6\">\n                <div class=\"bi-contact-info-item position-relative\">\n                    <span class=\"info-bg position-absolute\" data-background=\"https:\/\/themexriver.com\/wp\/haptic-wp\/wp-content\/uploads\/2023\/07\/ci-bg1.png\"><\/span>\n                    <div class=\"inner-icon d-flex justify-content-center align-items-center\">\n                        <img decoding=\"async\" src=\"https:\/\/themexriver.com\/wp\/haptic-wp\/wp-content\/uploads\/2023\/07\/ci2.png\" alt=\"\">\n                    <\/div>\n                    <div class=\"inner-text headline pera-content\">\n                        <h3>Email<\/h3>\n                        <table border=\"0\"><tbody><tr><td><p><a href=\"mailto:info@pharmatextil.hu\">info@pharmatextil.hu<\/a><\/p><\/td><\/tr><\/tbody><\/table>                    <\/div>\n                <\/div>\n            <\/div>\n                        <div class=\"col-lg-4 col-md-6\">\n                <div class=\"bi-contact-info-item position-relative\">\n                    <span class=\"info-bg position-absolute\" data-background=\"https:\/\/themexriver.com\/wp\/haptic-wp\/wp-content\/uploads\/2023\/07\/ci-bg1.png\"><\/span>\n                    <div class=\"inner-icon d-flex justify-content-center align-items-center\">\n                        <img decoding=\"async\" src=\"https:\/\/themexriver.com\/wp\/haptic-wp\/wp-content\/uploads\/2023\/07\/ci1.png\" alt=\"\">\n                    <\/div>\n                    <div class=\"inner-text headline pera-content\">\n                        <h3>Phone number<\/h3>\n                        <p><a href=\"tel:+3631905000\">(+36 30) 190 5000<\/a><\/p>                    <\/div>\n                <\/div>\n            <\/div>\n                        <div class=\"col-lg-4 col-md-6\">\n                <div class=\"bi-contact-info-item position-relative\">\n                    <span class=\"info-bg position-absolute\" data-background=\"https:\/\/themexriver.com\/wp\/haptic-wp\/wp-content\/uploads\/2023\/07\/ci-bg1.png\"><\/span>\n                    <div class=\"inner-icon d-flex justify-content-center align-items-center\">\n                        <img decoding=\"async\" src=\"https:\/\/themexriver.com\/wp\/haptic-wp\/wp-content\/uploads\/2023\/07\/ci3.png\" alt=\"\">\n                    <\/div>\n                    <div class=\"inner-text headline pera-content\">\n                        <h3>Address<\/h3>\n                        <table border=\"0\"><tbody><tr><td><p>1116 Budapest, Fony\u00f3d Street 2.<\/p><\/td><\/tr><\/tbody><\/table>                    <\/div>\n                <\/div>\n            <\/div>\n                    <\/div>\n    <\/div>\n    \t\t\t\t<\/div>\n\t\t\t\t<\/div>\n\t\t\t\t\t<\/div>\n\t\t<\/div>\n\t\t\t\t\t<\/div>\n\t\t<\/section>\n\t\t\t\t<section class=\"elementor-section elementor-top-section elementor-element elementor-element-31770e7 elementor-section-boxed elementor-section-height-default elementor-section-height-default\" data-id=\"31770e7\" data-element_type=\"section\">\n\t\t\t\t\t\t<div class=\"elementor-container elementor-column-gap-no\">\n\t\t\t\t\t<div class=\"elementor-column elementor-col-50 elementor-top-column elementor-element elementor-element-7d0bed7\" data-id=\"7d0bed7\" data-element_type=\"column\">\n\t\t\t<div class=\"elementor-widget-wrap elementor-element-populated\">\n\t\t\t\t\t\t<div class=\"elementor-element elementor-element-9f611c6 elementor-widget elementor-widget-google_maps\" data-id=\"9f611c6\" data-element_type=\"widget\" data-widget_type=\"google_maps.default\">\n\t\t\t\t<div class=\"elementor-widget-container\">\n\t\t\t\t\t\t\t<div class=\"elementor-custom-embed\">\n\t\t\t<iframe loading=\"lazy\"\n\t\t\t\t\tsrc=\"https:\/\/maps.google.com\/maps?q=%09%201116%20Budapest%2C%20Fony%C3%B3d%20u.%202&#038;t=m&#038;z=12&#038;output=embed&#038;iwloc=near\"\n\t\t\t\t\ttitle=\"\t 1116 Budapest, Fony\u00f3d u. 2\"\n\t\t\t\t\taria-label=\"\t 1116 Budapest, Fony\u00f3d u. 2\"\n\t\t\t><\/iframe>\n\t\t<\/div>\n\t\t\t\t\t\t<\/div>\n\t\t\t\t<\/div>\n\t\t\t\t<div class=\"elementor-element elementor-element-7695db2 elementor-widget elementor-widget-bin-section-title\" data-id=\"7695db2\" data-element_type=\"widget\" data-widget_type=\"bin-section-title.default\">\n\t\t\t\t<div class=\"elementor-widget-container\">\n\t\t\t\t\t\t\t\t<div class=\"hap-section-title bins-text hap-headline pera-content text-left\">\n\t\t\t\t\t\t<h2 class=\"headline-title\">Webshop: <a href=\"https:\/\/www.salusgyogypont.hu\" target=\"_blank\">www.salusgyogypont.hu<\/a><\/h2>\n\t\t\t\t\t\t<p>Our company\u2019s custom-made products can be ordered at the following medical supply specialty stores:\n(after making an appointment by phone)\n<br><br>\n<strong>Salus Medical Aid Store<\/strong>\n1054 Budapest, Bajcsy-Zsilinszky Street 54\nTel.: +36 1 311 9066\n<br><br>\n\n\n<strong>Istv\u00e1n Hospital<\/strong> - Medical Aid Store\n1096 Budapest, Nagyv\u00e1rad Square 1\n(Located on the hospital grounds, next to the cafeteria)\n<br><br>\n<strong>phone:<\/strong> +3612167559\n<br>\n<strong>Opening hours:<\/strong>\nMonday - Thursday: 8:00 AM - 4:00 PM\nFriday: 8:00 AM - 2:00 PM\n<\/p>\n\t\t\t\t\t<\/div>\n\t\t    \t\t\t\t<\/div>\n\t\t\t\t<\/div>\n\t\t\t\t\t<\/div>\n\t\t<\/div>\n\t\t\t\t<div class=\"elementor-column elementor-col-50 elementor-top-column elementor-element elementor-element-a0064a0\" data-id=\"a0064a0\" data-element_type=\"column\">\n\t\t\t<div class=\"elementor-widget-wrap elementor-element-populated\">\n\t\t\t\t\t\t<div class=\"elementor-element elementor-element-cdd5f74 elementor-widget elementor-widget-bin-section-title\" data-id=\"cdd5f74\" data-element_type=\"widget\" data-widget_type=\"bin-section-title.default\">\n\t\t\t\t<div class=\"elementor-widget-container\">\n\t\t\t\t\t\t\t\t<div class=\"hap-section-title bins-text hap-headline pera-content text-left\">\n\t\t\t\t\t\t<h2 class=\"headline-title\">Send us a message!<\/h2>\n\t\t\t\t\t\t<p>If you have any further questions or need detailed pricing information, please contact us directly! We also welcome any other feedback regarding our website.<\/p>\n\t\t\t\t\t<\/div>\n\t\t    \t\t\t\t<\/div>\n\t\t\t\t<\/div>\n\t\t\t\t<div class=\"elementor-element elementor-element-15c52e2 elementor-widget__width-initial elementor-widget elementor-widget-shortcode\" data-id=\"15c52e2\" data-element_type=\"widget\" data-widget_type=\"shortcode.default\">\n\t\t\t\t<div class=\"elementor-widget-container\">\n\t\t\t\t\t\t\t<div class=\"elementor-shortcode\">\n<div class=\"wpcf7 no-js\" id=\"wpcf7-f1952-o1\" lang=\"en-US\" dir=\"ltr\" data-wpcf7-id=\"1952\">\n<div class=\"screen-reader-response\"><p role=\"status\" aria-live=\"polite\" aria-atomic=\"true\"><\/p> <ul><\/ul><\/div>\n<form action=\"\/en\/wp-json\/wp\/v2\/pages\/1928#wpcf7-f1952-o1\" method=\"post\" class=\"wpcf7-form init\" aria-label=\"Contact form\" novalidate=\"novalidate\" data-status=\"init\" data-trp-original-action=\"\/en\/wp-json\/wp\/v2\/pages\/1928#wpcf7-f1952-o1\">\n<div style=\"display: none;\">\n<input type=\"hidden\" name=\"_wpcf7\" value=\"1952\" \/>\n<input type=\"hidden\" name=\"_wpcf7_version\" value=\"6.0.6\" \/>\n<input type=\"hidden\" name=\"_wpcf7_locale\" value=\"en_US\" \/>\n<input type=\"hidden\" name=\"_wpcf7_unit_tag\" value=\"wpcf7-f1952-o1\" \/>\n<input type=\"hidden\" name=\"_wpcf7_container_post\" value=\"0\" \/>\n<input type=\"hidden\" name=\"_wpcf7_posted_data_hash\" value=\"\" \/>\n<\/div>\n<div class=\"bi-contact-map-content\">\n<div class=\"bi-team-details-contact-form\">\n\t<div class=\"row\">\n\t\t<div class=\"col-md-6\">\n\t\t\t<span class=\"wpcf7-form-control-wrap\" data-name=\"vezeteknev-331\"><input size=\"40\" maxlength=\"400\" class=\"wpcf7-form-control wpcf7-text wpcf7-validates-as-required\" aria-required=\"true\" aria-invalid=\"false\" placeholder=\"Last Name\" value=\"\" type=\"text\" name=\"vezeteknev-331\" \/><\/span>\n\t\t<\/div>\n\t\t<div class=\"col-md-6\">\n\t\t      <span class=\"wpcf7-form-control-wrap\" data-name=\"keresztnev-331\"><input size=\"40\" maxlength=\"400\" class=\"wpcf7-form-control wpcf7-text wpcf7-validates-as-required\" aria-required=\"true\" aria-invalid=\"false\" placeholder=\"First Name\" value=\"\" type=\"text\" name=\"keresztnev-331\" \/><\/span>\n\t\t<\/div>\n\t\t<div class=\"col-md-6\">\n\t\t    <span class=\"wpcf7-form-control-wrap\" data-name=\"email-384\"><input size=\"40\" maxlength=\"400\" class=\"wpcf7-form-control wpcf7-email wpcf7-validates-as-required wpcf7-text wpcf7-validates-as-email\" aria-required=\"true\" aria-invalid=\"false\" placeholder=\"Email\" value=\"\" type=\"email\" name=\"email-384\" \/><\/span>\n\t\t<\/div>\n\t\t<div class=\"col-md-6\">\n\t\t<span class=\"wpcf7-form-control-wrap\" data-name=\"targy-331\"><input size=\"40\" maxlength=\"400\" class=\"wpcf7-form-control wpcf7-text wpcf7-validates-as-required\" aria-required=\"true\" aria-invalid=\"false\" placeholder=\"Subject\" value=\"\" type=\"text\" name=\"targy-331\" \/><\/span>\n\t\t<\/div>\n\t\t<div class=\"col-md-12\">\n\t\t <span class=\"wpcf7-form-control-wrap\" data-name=\"cf-submit-601\"><textarea cols=\"40\" rows=\"10\" maxlength=\"2000\" class=\"wpcf7-form-control wpcf7-textarea wpcf7-validates-as-required\" aria-required=\"true\" aria-invalid=\"false\" placeholder=\"Message\" name=\"cf-submit-601\"><\/textarea><\/span>\n\t\t<\/div>\n\t\t<div class=\"col-md-12\">\n\t\t\t<div class=\"bi-submit-btn\">\n\t\t\t\t<button>Send your message<\/button>\n\t\t\t<\/div>\n\t\t<\/div>\n\t<\/div>\n<\/div>\n<\/div><div class=\"wpcf7-response-output\" aria-hidden=\"true\"><\/div>\n<input type=\"hidden\" name=\"trp-form-language\" value=\"en\"\/><\/form>\n<\/div>\n<\/div>\n\t\t\t\t\t\t<\/div>\n\t\t\t\t<\/div>\n\t\t\t\t\t<\/div>\n\t\t<\/div>\n\t\t\t\t\t<\/div>\n\t\t<\/section>\n\t\t\t\t<\/div>","protected":false},"excerpt":{"rendered":"<p>Kapcsolat Home &nbsp; Email c\u00edm info@pharmatextil.hu Telefonsz\u00e1m (+36 30) 190 5000 C\u00edm 1116 Budapest, Fony\u00f3d u. 2. Webshop: www.salusgyogypont.hu C\u00e9g\u00fcnk egy\u00e9ni m\u00e9retre k\u00e9sz\u00fclt term\u00e9keit az al\u00e1bbi gy\u00f3gy\u00e1szati seg\u00e9deszk\u00f6z szak\u00fczletekben lehet megrendelni: (telefonon val\u00f3 bejelentkez\u00e9st k\u00f6vet\u0151en) Salus Gy\u00f3gy\u00e1szati seg\u00e9deszk\u00f6z bolt 1054 Budapest Bajcs-Zsilinszky \u00fat 54. tel.: +3613119066 Istv\u00e1n Korh\u00e1z &#8211; Gy\u00f3gy\u00e1szati seg\u00e9deszk\u00f6z \u00fczlet 1096 Budapest, Nagyv\u00e1rad [&hellip;]<\/p>","protected":false},"author":1,"featured_media":0,"parent":0,"menu_order":0,"comment_status":"closed","ping_status":"closed","template":"invite-template.php","meta":{"footnotes":""},"class_list":["post-1928","page","type-page","status-publish","hentry"],"_links":{"self":[{"href":"https:\/\/gyogyharisnya.hu\/en\/wp-json\/wp\/v2\/pages\/1928","targetHints":{"allow":["GET"]}}],"collection":[{"href":"https:\/\/gyogyharisnya.hu\/en\/wp-json\/wp\/v2\/pages"}],"about":[{"href":"https:\/\/gyogyharisnya.hu\/en\/wp-json\/wp\/v2\/types\/page"}],"author":[{"embeddable":true,"href":"https:\/\/gyogyharisnya.hu\/en\/wp-json\/wp\/v2\/users\/1"}],"replies":[{"embeddable":true,"href":"https:\/\/gyogyharisnya.hu\/en\/wp-json\/wp\/v2\/comments?post=1928"}],"version-history":[{"count":7,"href":"https:\/\/gyogyharisnya.hu\/en\/wp-json\/wp\/v2\/pages\/1928\/revisions"}],"predecessor-version":[{"id":5322,"href":"https:\/\/gyogyharisnya.hu\/en\/wp-json\/wp\/v2\/pages\/1928\/revisions\/5322"}],"wp:attachment":[{"href":"https:\/\/gyogyharisnya.hu\/en\/wp-json\/wp\/v2\/media?parent=1928"}],"curies":[{"name":"wp","href":"https:\/\/api.w.org\/{rel}","templated":true}]}}