{"id":5302,"date":"2025-08-05T20:38:34","date_gmt":"2025-08-05T20:38:34","guid":{"rendered":"http:\/\/gyogyharisnya.hu\/?page_id=5302"},"modified":"2025-08-05T21:19:53","modified_gmt":"2025-08-05T21:19:53","slug":"venas-megbetegedesek","status":"publish","type":"page","link":"https:\/\/gyogyharisnya.hu\/en\/venas-megbetegedesek\/","title":{"rendered":"Venous Disorders"},"content":{"rendered":"<div data-elementor-type=\"wp-page\" data-elementor-id=\"5302\" class=\"elementor elementor-5302\">\n\t\t\t\t\t\t<section class=\"elementor-section elementor-top-section elementor-element elementor-element-49abda2 elementor-section-boxed elementor-section-height-default elementor-section-height-default\" data-id=\"49abda2\" data-element_type=\"section\" data-settings=\"{&quot;background_background&quot;:&quot;classic&quot;}\">\n\t\t\t\t\t\t\t<div class=\"elementor-background-overlay\"><\/div>\n\t\t\t\t\t\t\t<div class=\"elementor-container elementor-column-gap-no\">\n\t\t\t\t\t<div class=\"elementor-column elementor-col-100 elementor-top-column elementor-element elementor-element-c724105\" data-id=\"c724105\" data-element_type=\"column\">\n\t\t\t<div class=\"elementor-widget-wrap elementor-element-populated\">\n\t\t\t\t\t\t<div class=\"elementor-element elementor-element-22bf0db elementor-widget elementor-widget-bings-breadcrumb\" data-id=\"22bf0db\" data-element_type=\"widget\" data-widget_type=\"bings-breadcrumb.default\">\n\t\t\t\t<div class=\"elementor-widget-container\">\n\t\t\t\t\t    <div class=\"bi-breadcrumbs-content headline ul-li text-center\">\n\t\t<h1 class=\"page-heading\">Venous Disorders<\/h1>\n        <ul>\n            <li class=\"breadcrumb-item\"><a href=\"https:\/\/gyogyharisnya.hu\/en\/\">Home &nbsp;<\/a><\/li><li class=\"breadcrumb-item\"><a href=\"https:\/\/gyogyharisnya.hu\/en\/venas-megbetegedesek\/\"><\/a><\/li>        <\/ul>\n    <\/div>\n    \t\t\t\t<\/div>\n\t\t\t\t<\/div>\n\t\t\t\t\t<\/div>\n\t\t<\/div>\n\t\t\t\t\t<\/div>\n\t\t<\/section>\n\t\t<div class=\"elementor-element elementor-element-8c4a98a e-flex e-con-boxed e-con e-parent\" data-id=\"8c4a98a\" data-element_type=\"container\">\n\t\t\t\t\t<div class=\"e-con-inner\">\n\t\t<div class=\"elementor-element elementor-element-61d82f0 e-con-full e-flex e-con e-child\" data-id=\"61d82f0\" data-element_type=\"container\">\n\t\t\t\t<div class=\"elementor-element elementor-element-fdce581 elementor-widget elementor-widget-bin-section-title\" data-id=\"fdce581\" data-element_type=\"widget\" data-widget_type=\"bin-section-title.default\">\n\t\t\t\t<div class=\"elementor-widget-container\">\n\t\t\t\t\t\t\t\t<div class=\"hap-section-title bins-text hap-headline pera-content text-left\">\n\t\t\t\t\t\t<h2 class=\"headline-title\">Venous Disorders<\/h2>\n\t\t\t\t\t\t<p>Venous disorders develop when insufficient physical activity causes the thin vein walls alone to be unable to return blood from the veins to the heart against the force of gravity. Venous blood is returned to the heart with the coordinated action of muscles and venous valves.\n<br><br>\nInsufficient physical activity reduces or eliminates the muscle\u2019s pumping effect on the vein walls, making it difficult for blood to flow back toward the heart. This, along with damage to the vein walls, leads to valve insufficiency, which is referred to as a circulatory disorder.\n<br><br>\nWhen a circulatory disorder develops, venous pressure rises significantly, the thin vein wall lacks sufficient support from weak connective (muscle) tissue, and varicose veins form (risk factors: insufficient physical activity, overweight, unilateral strain, pregnancy). Pathological varicose veins cause the valves to close incompletely, resulting in venous congestion. These abnormal flow conditions increase venous pressure, further damaging the vein walls.\n<br><br>\nDamage to the vein walls and the presence of venous circulatory disorders over a prolonged period lead to the clinical symptoms of chronic venous insufficiency. These include:<\/p>\n\t\t\t\t\t<\/div>\n\t\t    \t\t\t\t<\/div>\n\t\t\t\t<\/div>\n\t\t\t\t<div class=\"elementor-element elementor-element-4d20196 elementor-icon-list--layout-traditional elementor-list-item-link-full_width elementor-invisible elementor-widget elementor-widget-icon-list\" data-id=\"4d20196\" data-element_type=\"widget\" data-settings=\"{&quot;_animation&quot;:&quot;fadeInUp&quot;,&quot;_animation_delay&quot;:1000}\" data-widget_type=\"icon-list.default\">\n\t\t\t\t<div class=\"elementor-widget-container\">\n\t\t\t\t\t\t\t<ul class=\"elementor-icon-list-items\">\n\t\t\t\t\t\t\t<li class=\"elementor-icon-list-item\">\n\t\t\t\t\t\t\t\t\t\t\t<span class=\"elementor-icon-list-icon\">\n\t\t\t\t\t\t\t<i aria-hidden=\"true\" class=\"fas fa-check-double\"><\/i>\t\t\t\t\t\t<\/span>\n\t\t\t\t\t\t\t\t\t\t<span class=\"elementor-icon-list-text\">the \u201cheavy leg\u201d characteristic of venous congestion,<\/span>\n\t\t\t\t\t\t\t\t\t<\/li>\n\t\t\t\t\t\t\t\t<li class=\"elementor-icon-list-item\">\n\t\t\t\t\t\t\t\t\t\t\t<span class=\"elementor-icon-list-icon\">\n\t\t\t\t\t\t\t<i aria-hidden=\"true\" class=\"fas fa-check-double\"><\/i>\t\t\t\t\t\t<\/span>\n\t\t\t\t\t\t\t\t\t\t<span class=\"elementor-icon-list-text\">pain in the limb,<\/span>\n\t\t\t\t\t\t\t\t\t<\/li>\n\t\t\t\t\t\t\t\t<li class=\"elementor-icon-list-item\">\n\t\t\t\t\t\t\t\t\t\t\t<span class=\"elementor-icon-list-icon\">\n\t\t\t\t\t\t\t<i aria-hidden=\"true\" class=\"fas fa-check-double\"><\/i>\t\t\t\t\t\t<\/span>\n\t\t\t\t\t\t\t\t\t\t<span class=\"elementor-icon-list-text\">muscle cramps,<\/span>\n\t\t\t\t\t\t\t\t\t<\/li>\n\t\t\t\t\t\t\t\t<li class=\"elementor-icon-list-item\">\n\t\t\t\t\t\t\t\t\t\t\t<span class=\"elementor-icon-list-icon\">\n\t\t\t\t\t\t\t<i aria-hidden=\"true\" class=\"fas fa-check-double\"><\/i>\t\t\t\t\t\t<\/span>\n\t\t\t\t\t\t\t\t\t\t<span class=\"elementor-icon-list-text\">varicose veins,<\/span>\n\t\t\t\t\t\t\t\t\t<\/li>\n\t\t\t\t\t\t\t\t<li class=\"elementor-icon-list-item\">\n\t\t\t\t\t\t\t\t\t\t\t<span class=\"elementor-icon-list-icon\">\n\t\t\t\t\t\t\t<i aria-hidden=\"true\" class=\"fas fa-check-double\"><\/i>\t\t\t\t\t\t<\/span>\n\t\t\t\t\t\t\t\t\t\t<span class=\"elementor-icon-list-text\">leg ulcer.<\/span>\n\t\t\t\t\t\t\t\t\t<\/li>\n\t\t\t\t\t\t<\/ul>\n\t\t\t\t\t\t<\/div>\n\t\t\t\t<\/div>\n\t\t\t\t<div class=\"elementor-element elementor-element-13bc41a elementor-widget elementor-widget-bin-section-title\" data-id=\"13bc41a\" data-element_type=\"widget\" data-widget_type=\"bin-section-title.default\">\n\t\t\t\t<div class=\"elementor-widget-container\">\n\t\t\t\t\t\t\t\t<div class=\"hap-section-title bins-text hap-headline pera-content text-left\">\n\t\t\t\t\t\t<h2 class=\"headline-title\">Treatment of circulatory disorders<\/h2>\n\t\t\t\t\t\t<p>Treatment aimed at relieving venous congestion may involve a combination of different methods. Based on individual assessment, surgical intervention may also be considered, complemented by medication. However, the foundational therapy in all cases is compression treatment, which is most effective and convenient when using compression stockings regularly.\n<br><br>\nThe appropriate pressure exerted externally by the stocking acts on the connective tissue, which in turn compresses the thin vein wall, narrowing the abnormally dilated vein. This eliminates valve insufficiency, allows the muscle pump to function effectively, and ensures blood flow toward the heart.<\/p>\n\t\t\t\t\t<\/div>\n\t\t    \t\t\t\t<\/div>\n\t\t\t\t<\/div>\n\t\t\t\t<\/div>\n\t\t\t\t\t<\/div>\n\t\t\t\t<\/div>\n\t\t\t\t<\/div>","protected":false},"excerpt":{"rendered":"<p>V\u00e9n\u00e1s megbeteged\u00e9sek Home &nbsp; V\u00e9n\u00e1s megbeteged\u00e9sek V\u00e9n\u00e1s megbeteged\u00e9sek akkor alakulnak ki, amikor az el\u00e9gtelen testmozg\u00e1s miatt a v\u00e9kony v\u00e9nafal m\u00e1r \u00f6nmag\u00e1ban nem k\u00e9pes a v\u00e9n\u00e1ban l\u00e9v\u0151 v\u00e9r visszasz\u00e1ll\u00edt\u00e1s\u00e1ra a sz\u00edvbe a gravit\u00e1ci\u00f3s er\u0151kkel szemben. A v\u00e9n\u00e1s v\u00e9r az izomzat \u00e9s a v\u00e9nabillenty\u0171k \u00f6sszerendezett m\u0171k\u00f6d\u00e9s\u00e9nek seg\u00edts\u00e9g\u00e9vel jut vissza a sz\u00edvbe. Az el\u00e9gtelen testmozg\u00e1s cs\u00f6kkenti vagy megsz\u00fcnteti [&hellip;]<\/p>","protected":false},"author":1,"featured_media":0,"parent":0,"menu_order":0,"comment_status":"closed","ping_status":"closed","template":"invite-template.php","meta":{"footnotes":""},"class_list":["post-5302","page","type-page","status-publish","hentry"],"_links":{"self":[{"href":"https:\/\/gyogyharisnya.hu\/en\/wp-json\/wp\/v2\/pages\/5302","targetHints":{"allow":["GET"]}}],"collection":[{"href":"https:\/\/gyogyharisnya.hu\/en\/wp-json\/wp\/v2\/pages"}],"about":[{"href":"https:\/\/gyogyharisnya.hu\/en\/wp-json\/wp\/v2\/types\/page"}],"author":[{"embeddable":true,"href":"https:\/\/gyogyharisnya.hu\/en\/wp-json\/wp\/v2\/users\/1"}],"replies":[{"embeddable":true,"href":"https:\/\/gyogyharisnya.hu\/en\/wp-json\/wp\/v2\/comments?post=5302"}],"version-history":[{"count":14,"href":"https:\/\/gyogyharisnya.hu\/en\/wp-json\/wp\/v2\/pages\/5302\/revisions"}],"predecessor-version":[{"id":5361,"href":"https:\/\/gyogyharisnya.hu\/en\/wp-json\/wp\/v2\/pages\/5302\/revisions\/5361"}],"wp:attachment":[{"href":"https:\/\/gyogyharisnya.hu\/en\/wp-json\/wp\/v2\/media?parent=5302"}],"curies":[{"name":"wp","href":"https:\/\/api.w.org\/{rel}","templated":true}]}}