{"id":5308,"date":"2025-08-05T20:47:35","date_gmt":"2025-08-05T20:47:35","guid":{"rendered":"http:\/\/gyogyharisnya.hu\/?page_id=5308"},"modified":"2025-08-05T21:19:24","modified_gmt":"2025-08-05T21:19:24","slug":"nyirokrendszeri-megbetegedesek","status":"publish","type":"page","link":"https:\/\/gyogyharisnya.hu\/en\/nyirokrendszeri-megbetegedesek\/","title":{"rendered":"Lymphatic Disorders"},"content":{"rendered":"<div data-elementor-type=\"wp-page\" data-elementor-id=\"5308\" class=\"elementor elementor-5308\">\n\t\t\t\t\t\t<section class=\"elementor-section elementor-top-section elementor-element elementor-element-49abda2 elementor-section-boxed elementor-section-height-default elementor-section-height-default\" data-id=\"49abda2\" data-element_type=\"section\" data-settings=\"{&quot;background_background&quot;:&quot;classic&quot;}\">\n\t\t\t\t\t\t\t<div class=\"elementor-background-overlay\"><\/div>\n\t\t\t\t\t\t\t<div class=\"elementor-container elementor-column-gap-no\">\n\t\t\t\t\t<div class=\"elementor-column elementor-col-100 elementor-top-column elementor-element elementor-element-c724105\" data-id=\"c724105\" data-element_type=\"column\">\n\t\t\t<div class=\"elementor-widget-wrap elementor-element-populated\">\n\t\t\t\t\t\t<div class=\"elementor-element elementor-element-22bf0db elementor-widget elementor-widget-bings-breadcrumb\" data-id=\"22bf0db\" data-element_type=\"widget\" data-widget_type=\"bings-breadcrumb.default\">\n\t\t\t\t<div class=\"elementor-widget-container\">\n\t\t\t\t\t    <div class=\"bi-breadcrumbs-content headline ul-li text-center\">\n\t\t<h1 class=\"page-heading\">Lymphatic Disorders<\/h1>\n        <ul>\n            <li class=\"breadcrumb-item\"><a href=\"https:\/\/gyogyharisnya.hu\/en\/\">Home &nbsp;<\/a><\/li><li class=\"breadcrumb-item\"><a href=\"https:\/\/gyogyharisnya.hu\/en\/nyirokrendszeri-megbetegedesek\/\"><\/a><\/li>        <\/ul>\n    <\/div>\n    \t\t\t\t<\/div>\n\t\t\t\t<\/div>\n\t\t\t\t\t<\/div>\n\t\t<\/div>\n\t\t\t\t\t<\/div>\n\t\t<\/section>\n\t\t<div class=\"elementor-element elementor-element-8c4a98a e-flex e-con-boxed e-con e-parent\" data-id=\"8c4a98a\" data-element_type=\"container\">\n\t\t\t\t\t<div class=\"e-con-inner\">\n\t\t<div class=\"elementor-element elementor-element-61d82f0 e-con-full e-flex e-con e-child\" data-id=\"61d82f0\" data-element_type=\"container\">\n\t\t\t\t<div class=\"elementor-element elementor-element-e9b9d25 elementor-widget elementor-widget-bin-section-title\" data-id=\"e9b9d25\" data-element_type=\"widget\" data-widget_type=\"bin-section-title.default\">\n\t\t\t\t<div class=\"elementor-widget-container\">\n\t\t\t\t\t\t\t\t<div class=\"hap-section-title bins-text hap-headline pera-content text-left\">\n\t\t\t\t\t\t<h2 class=\"headline-title\">Lymphatic Disorders<\/h2>\n\t\t\t\t\t\t<p>The function of the lymphatic vessels is to transport protein-rich lymph fluid from the tissues. When the lymphatic vessels do not function properly, protein-rich lymph accumulates in the tissues. Chronic lymphatic congestion can result in limb swelling, connective tissue thickening, restricted mobility, recurrent skin inflammations and erysipelas, as well as the development of skin tumors and elephantiasis.<\/p>\n\t\t\t\t\t<\/div>\n\t\t    \t\t\t\t<\/div>\n\t\t\t\t<\/div>\n\t\t\t\t<div class=\"elementor-element elementor-element-e8cbb0a elementor-invisible elementor-widget elementor-widget-heading\" data-id=\"e8cbb0a\" data-element_type=\"widget\" data-settings=\"{&quot;_animation&quot;:&quot;fadeInUp&quot;}\" data-widget_type=\"heading.default\">\n\t\t\t\t<div class=\"elementor-widget-container\">\n\t\t\t\t\t<h2 class=\"elementor-heading-title elementor-size-default\">Based on the causes of lymphedema, it can be classified as:<\/h2>\t\t\t\t<\/div>\n\t\t\t\t<\/div>\n\t\t\t\t<div class=\"elementor-element elementor-element-4d20196 elementor-icon-list--layout-traditional elementor-list-item-link-full_width elementor-invisible elementor-widget elementor-widget-icon-list\" data-id=\"4d20196\" data-element_type=\"widget\" data-settings=\"{&quot;_animation&quot;:&quot;fadeInUp&quot;,&quot;_animation_delay&quot;:1000}\" data-widget_type=\"icon-list.default\">\n\t\t\t\t<div class=\"elementor-widget-container\">\n\t\t\t\t\t\t\t<ul class=\"elementor-icon-list-items\">\n\t\t\t\t\t\t\t<li class=\"elementor-icon-list-item\">\n\t\t\t\t\t\t\t\t\t\t\t<span class=\"elementor-icon-list-icon\">\n\t\t\t\t\t\t\t<i aria-hidden=\"true\" class=\"fas fa-check-double\"><\/i>\t\t\t\t\t\t<\/span>\n\t\t\t\t\t\t\t\t\t\t<span class=\"elementor-icon-list-text\">Primary lymphedema: a congenital malformation of the lymphatic vessels,<\/span>\n\t\t\t\t\t\t\t\t\t<\/li>\n\t\t\t\t\t\t\t\t<li class=\"elementor-icon-list-item\">\n\t\t\t\t\t\t\t\t\t\t\t<span class=\"elementor-icon-list-icon\">\n\t\t\t\t\t\t\t<i aria-hidden=\"true\" class=\"fas fa-check-double\"><\/i>\t\t\t\t\t\t<\/span>\n\t\t\t\t\t\t\t\t\t\t<span class=\"elementor-icon-list-text\">Secondary Lymphedema: Damage to the lymphatic vessels or lymph nodes due to various causes, such as inflammation, trauma, tumors, or radiation. It most commonly develops after lymph node removal or radiation therapy in breast cancer.<\/span>\n\t\t\t\t\t\t\t\t\t<\/li>\n\t\t\t\t\t\t<\/ul>\n\t\t\t\t\t\t<\/div>\n\t\t\t\t<\/div>\n\t\t\t\t<div class=\"elementor-element elementor-element-2dc372f elementor-widget elementor-widget-bin-section-title\" data-id=\"2dc372f\" data-element_type=\"widget\" data-widget_type=\"bin-section-title.default\">\n\t\t\t\t<div class=\"elementor-widget-container\">\n\t\t\t\t\t\t\t\t<div class=\"hap-section-title bins-text hap-headline pera-content text-left\">\n\t\t\t\t\t\t<h2 class=\"headline-title\">Treatment of lymphedema<\/h2>\n\t\t\t\t\t\t<p>Wearing compression medical stockings should only follow comprehensive physiotherapy treatment (manual lymphatic drainage, compression bandaging, exercises, etc.).\u00a0<\/p>\n\t\t\t\t\t<\/div>\n\t\t    \t\t\t\t<\/div>\n\t\t\t\t<\/div>\n\t\t\t\t<\/div>\n\t\t\t\t\t<\/div>\n\t\t\t\t<\/div>\n\t\t\t\t<\/div>","protected":false},"excerpt":{"rendered":"<p>Nyirokrendszeri megbeteged\u00e9sek Home &nbsp; Nyirokrendszeri megbeteged\u00e9sek A nyirokerek feladata a feh\u00e9rjed\u00fas nyirokfolyad\u00e9k elsz\u00e1ll\u00edt\u00e1sa a sz\u00f6vetekb\u0151l. A nyirokerek el\u00e9gtelen m\u0171k\u00f6d\u00e9se eset\u00e9n a feh\u00e9rjed\u00fas nyirok a sz\u00f6vetekben felszaporodik. A kr\u00f3nikus nyirokpang\u00e1s k\u00f6vetkezm\u00e9nye a v\u00e9gtag duzzanata, k\u00f6t\u0151sz\u00f6vetes megvastagod\u00e1sa, mozg\u00e1skorl\u00e1tozotts\u00e1g, ism\u00e9tl\u0151d\u0151 b\u0151rgyullad\u00e1sok \u00e9s orb\u00e1nc megjelen\u00e9se, b\u0151rdaganat \u00e9s elef\u00e1ntl\u00e1b kialakul\u00e1sa. A nyirok\u00f6d\u00e9m\u00e1t kiv\u00e1lt\u00f3 okok alapj\u00e1n megk\u00fcl\u00f6nb\u00f6ztethet\u0151: els\u0151dleges nyirok\u00f6d\u00e9ma: a nyirokerek [&hellip;]<\/p>","protected":false},"author":1,"featured_media":0,"parent":0,"menu_order":0,"comment_status":"closed","ping_status":"closed","template":"invite-template.php","meta":{"footnotes":""},"class_list":["post-5308","page","type-page","status-publish","hentry"],"_links":{"self":[{"href":"https:\/\/gyogyharisnya.hu\/en\/wp-json\/wp\/v2\/pages\/5308","targetHints":{"allow":["GET"]}}],"collection":[{"href":"https:\/\/gyogyharisnya.hu\/en\/wp-json\/wp\/v2\/pages"}],"about":[{"href":"https:\/\/gyogyharisnya.hu\/en\/wp-json\/wp\/v2\/types\/page"}],"author":[{"embeddable":true,"href":"https:\/\/gyogyharisnya.hu\/en\/wp-json\/wp\/v2\/users\/1"}],"replies":[{"embeddable":true,"href":"https:\/\/gyogyharisnya.hu\/en\/wp-json\/wp\/v2\/comments?post=5308"}],"version-history":[{"count":13,"href":"https:\/\/gyogyharisnya.hu\/en\/wp-json\/wp\/v2\/pages\/5308\/revisions"}],"predecessor-version":[{"id":5337,"href":"https:\/\/gyogyharisnya.hu\/en\/wp-json\/wp\/v2\/pages\/5308\/revisions\/5337"}],"wp:attachment":[{"href":"https:\/\/gyogyharisnya.hu\/en\/wp-json\/wp\/v2\/media?parent=5308"}],"curies":[{"name":"wp","href":"https:\/\/api.w.org\/{rel}","templated":true}]}}