{"id":5344,"date":"2025-08-05T21:22:51","date_gmt":"2025-08-05T21:22:51","guid":{"rendered":"http:\/\/gyogyharisnya.hu\/?page_id=5344"},"modified":"2025-08-05T21:27:30","modified_gmt":"2025-08-05T21:27:30","slug":"letoltesek","status":"publish","type":"page","link":"https:\/\/gyogyharisnya.hu\/en\/letoltesek\/","title":{"rendered":"Downloads"},"content":{"rendered":"<div data-elementor-type=\"wp-page\" data-elementor-id=\"5344\" class=\"elementor elementor-5344\">\n\t\t\t\t\t\t<section class=\"elementor-section elementor-top-section elementor-element elementor-element-49abda2 elementor-section-boxed elementor-section-height-default elementor-section-height-default\" data-id=\"49abda2\" data-element_type=\"section\" data-settings=\"{&quot;background_background&quot;:&quot;classic&quot;}\">\n\t\t\t\t\t\t\t<div class=\"elementor-background-overlay\"><\/div>\n\t\t\t\t\t\t\t<div class=\"elementor-container elementor-column-gap-no\">\n\t\t\t\t\t<div class=\"elementor-column elementor-col-100 elementor-top-column elementor-element elementor-element-c724105\" data-id=\"c724105\" data-element_type=\"column\">\n\t\t\t<div class=\"elementor-widget-wrap elementor-element-populated\">\n\t\t\t\t\t\t<div class=\"elementor-element elementor-element-22bf0db elementor-widget elementor-widget-bings-breadcrumb\" data-id=\"22bf0db\" data-element_type=\"widget\" data-widget_type=\"bings-breadcrumb.default\">\n\t\t\t\t<div class=\"elementor-widget-container\">\n\t\t\t\t\t    <div class=\"bi-breadcrumbs-content headline ul-li text-center\">\n\t\t<h1 class=\"page-heading\">Downloads<\/h1>\n        <ul>\n            <li class=\"breadcrumb-item\"><a href=\"https:\/\/gyogyharisnya.hu\/en\/\">Home &nbsp;<\/a><\/li><li class=\"breadcrumb-item\"><a href=\"https:\/\/gyogyharisnya.hu\/en\/letoltesek\/\"><\/a><\/li>        <\/ul>\n    <\/div>\n    \t\t\t\t<\/div>\n\t\t\t\t<\/div>\n\t\t\t\t\t<\/div>\n\t\t<\/div>\n\t\t\t\t\t<\/div>\n\t\t<\/section>\n\t\t<div class=\"elementor-element elementor-element-8c4a98a e-flex e-con-boxed e-con e-parent\" data-id=\"8c4a98a\" data-element_type=\"container\">\n\t\t\t\t\t<div class=\"e-con-inner\">\n\t\t<div class=\"elementor-element elementor-element-61d82f0 e-con-full e-flex e-con e-child\" data-id=\"61d82f0\" data-element_type=\"container\">\n\t\t\t\t<div class=\"elementor-element elementor-element-5e0f1f4 elementor-widget elementor-widget-bin-section-title\" data-id=\"5e0f1f4\" data-element_type=\"widget\" data-widget_type=\"bin-section-title.default\">\n\t\t\t\t<div class=\"elementor-widget-container\">\n\t\t\t\t\t\t\t\t<div class=\"hap-section-title bins-text hap-headline pera-content text-left\">\n\t\t\t\t\t\t<h2 class=\"headline-title\">Downloads<\/h2>\n\t\t\t\t\t\t<p>You can order custom-sized products from Pharmatextil Kft by completing the measurement form and submitting it at the medical supply stores listed under the Contact menu, along with a medical prescription issued by your physician for the custom-sized product.\n<br><br>\n<strong>Measurement form required for ordering custom-sized stockings:<\/strong><br>\n<a href=\"http:\/\/gyogyharisnya.hu\/wp-content\/uploads\/2025\/08\/Meretlap-lab.pdf\" target=\"_blank\">Measurement form for ordering stockings<\/a>\n<br>\n<a href=\"http:\/\/gyogyharisnya.hu\/wp-content\/uploads\/2025\/08\/Adatkezelesi-tajekoztato-megrendelok-szamara.pdf\" target=\"_blank\">Privacy Policy<\/a>\n<\/p>\n\t\t\t\t\t<\/div>\n\t\t    \t\t\t\t<\/div>\n\t\t\t\t<\/div>\n\t\t\t\t<\/div>\n\t\t\t\t\t<\/div>\n\t\t\t\t<\/div>\n\t\t\t\t<\/div>","protected":false},"excerpt":{"rendered":"<p>Let\u00f6lt\u00e9sek Home &nbsp; Let\u00f6lt\u00e9sek A Pharmatextil Kft m\u00e9retes term\u00e9keit az al\u00e1bbi m\u00e9retlap kit\u00f6lt\u00e9s\u00e9vel rendelheti meg a Kapcsolatfelv\u00e9tel men\u00fcpontban megjel\u00f6lt gy\u00f3gy\u00e1szati seg\u00e9deszk\u00f6zboltokban, amihez mell\u00e9kelni kell az orvos \u00e1ltal ki\u00e1ll\u00edtott m\u00e9retes term\u00e9kre vonatkoz\u00f3 orvosi v\u00e9nyt M\u00e9retes l\u00e1bharisny\u00e1k megrendel\u00e9s\u00e9hez sz\u00fcks\u00e9ges m\u00e9retlap: M\u00e9retlap l\u00e1bharisnya megrendel\u00e9s\u00e9hez Adatkezel\u00e9si t\u00e1j\u00e9koztat\u00f3<\/p>","protected":false},"author":1,"featured_media":0,"parent":0,"menu_order":0,"comment_status":"closed","ping_status":"closed","template":"invite-template.php","meta":{"footnotes":""},"class_list":["post-5344","page","type-page","status-publish","hentry"],"_links":{"self":[{"href":"https:\/\/gyogyharisnya.hu\/en\/wp-json\/wp\/v2\/pages\/5344","targetHints":{"allow":["GET"]}}],"collection":[{"href":"https:\/\/gyogyharisnya.hu\/en\/wp-json\/wp\/v2\/pages"}],"about":[{"href":"https:\/\/gyogyharisnya.hu\/en\/wp-json\/wp\/v2\/types\/page"}],"author":[{"embeddable":true,"href":"https:\/\/gyogyharisnya.hu\/en\/wp-json\/wp\/v2\/users\/1"}],"replies":[{"embeddable":true,"href":"https:\/\/gyogyharisnya.hu\/en\/wp-json\/wp\/v2\/comments?post=5344"}],"version-history":[{"count":4,"href":"https:\/\/gyogyharisnya.hu\/en\/wp-json\/wp\/v2\/pages\/5344\/revisions"}],"predecessor-version":[{"id":5351,"href":"https:\/\/gyogyharisnya.hu\/en\/wp-json\/wp\/v2\/pages\/5344\/revisions\/5351"}],"wp:attachment":[{"href":"https:\/\/gyogyharisnya.hu\/en\/wp-json\/wp\/v2\/media?parent=5344"}],"curies":[{"name":"wp","href":"https:\/\/api.w.org\/{rel}","templated":true}]}}