{"id":5401,"date":"2025-08-07T20:20:24","date_gmt":"2025-08-07T20:20:24","guid":{"rendered":"http:\/\/gyogyharisnya.hu\/?page_id=5401"},"modified":"2025-08-29T08:28:09","modified_gmt":"2025-08-29T08:28:09","slug":"elastobol","status":"publish","type":"page","link":"https:\/\/gyogyharisnya.hu\/en\/termekek\/elastobol\/","title":{"rendered":"Elastobol"},"content":{"rendered":"<div data-elementor-type=\"wp-page\" data-elementor-id=\"5401\" class=\"elementor elementor-5401\">\n\t\t\t\t\t\t<section class=\"elementor-section elementor-top-section elementor-element elementor-element-1cebcfe elementor-section-boxed elementor-section-height-default elementor-section-height-default\" data-id=\"1cebcfe\" data-element_type=\"section\" data-settings=\"{&quot;background_background&quot;:&quot;classic&quot;}\">\n\t\t\t\t\t\t\t<div class=\"elementor-background-overlay\"><\/div>\n\t\t\t\t\t\t\t<div class=\"elementor-container elementor-column-gap-no\">\n\t\t\t\t\t<div class=\"elementor-column elementor-col-100 elementor-top-column elementor-element elementor-element-828fa9f\" data-id=\"828fa9f\" data-element_type=\"column\">\n\t\t\t<div class=\"elementor-widget-wrap elementor-element-populated\">\n\t\t\t\t\t\t<div class=\"elementor-element elementor-element-b5d4c85 elementor-widget elementor-widget-bings-breadcrumb\" data-id=\"b5d4c85\" data-element_type=\"widget\" data-widget_type=\"bings-breadcrumb.default\">\n\t\t\t\t<div class=\"elementor-widget-container\">\n\t\t\t\t\t    <div class=\"bi-breadcrumbs-content headline ul-li text-center\">\n\t\t<h1 class=\"page-heading\">Elastobol<\/h1>\n        <ul>\n            <li class=\"breadcrumb-item\"><a href=\"https:\/\/gyogyharisnya.hu\/en\/\">Home &nbsp;<\/a><\/li><li class=\"breadcrumb-item\"><a href=\"https:\/\/gyogyharisnya.hu\/en\/termekek\/elastobol\/\"><\/a><\/li>        <\/ul>\n    <\/div>\n    \t\t\t\t<\/div>\n\t\t\t\t<\/div>\n\t\t\t\t\t<\/div>\n\t\t<\/div>\n\t\t\t\t\t<\/div>\n\t\t<\/section>\n\t\t\t\t<section class=\"elementor-section elementor-top-section elementor-element elementor-element-00fa16f elementor-section-boxed elementor-section-height-default elementor-section-height-default\" data-id=\"00fa16f\" data-element_type=\"section\">\n\t\t\t\t\t\t<div class=\"elementor-container elementor-column-gap-default\">\n\t\t\t\t\t<div class=\"elementor-column elementor-col-66 elementor-top-column elementor-element elementor-element-e1f0ab8\" data-id=\"e1f0ab8\" data-element_type=\"column\">\n\t\t\t<div class=\"elementor-widget-wrap elementor-element-populated\">\n\t\t\t\t\t\t<div class=\"elementor-element elementor-element-800d165 elementor-widget elementor-widget-bin-heading-title\" data-id=\"800d165\" data-element_type=\"widget\" data-widget_type=\"bin-heading-title.default\">\n\t\t\t\t<div class=\"elementor-widget-container\">\n\t\t\t\t\t\n        <div class=\"headline\">\n        <h2 class=\"elementor-heading-title elementor-size-default\">Elastobol<\/h2>        <\/div>\n\n\t\t\t\t\t<\/div>\n\t\t\t\t<\/div>\n\t\t\t\t<div class=\"elementor-element elementor-element-42e53df elementor-widget elementor-widget-text-editor\" data-id=\"42e53df\" data-element_type=\"widget\" data-widget_type=\"text-editor.default\">\n\t\t\t\t<div class=\"elementor-widget-container\">\n\t\t\t\t\t\t\t\t\t<p>Wearing Elastobol thigh-high anti-embolism stockings is recommended during prolonged bed rest as well as before, during, and after surgery, as their use can significantly reduce the risk of blood clot formation in the major pelvic veins. They promote blood flow toward the heart by applying graduated compression, which decreases gradually from the ankle to the thigh. This product serves as an effective and simpler alternative to the bandaging commonly used in hospitals, which is also recommended for home use, as it is easy to put on and does not require professional assistance from the patient.<\/p>\t\t\t\t\t\t\t\t<\/div>\n\t\t\t\t<\/div>\n\t\t\t\t<div class=\"elementor-element elementor-element-03ba757 elementor-widget elementor-widget-bin-heading-title\" data-id=\"03ba757\" data-element_type=\"widget\" data-widget_type=\"bin-heading-title.default\">\n\t\t\t\t<div class=\"elementor-widget-container\">\n\t\t\t\t\t\n        <div class=\"headline\">\n        <h2 class=\"elementor-heading-title elementor-size-default\">Product Range:<\/h2>        <\/div>\n\n\t\t\t\t\t<\/div>\n\t\t\t\t<\/div>\n\t\t\t\t<div class=\"elementor-element elementor-element-3e3bea8 elementor-widget elementor-widget-text-editor\" data-id=\"3e3bea8\" data-element_type=\"widget\" data-widget_type=\"text-editor.default\">\n\t\t\t\t<div class=\"elementor-widget-container\">\n\t\t\t\t\t\t\t\t\t<p>The Elastobol thigh-high stockings (AG) are available only in white and with an open toe.<\/p>\t\t\t\t\t\t\t\t<\/div>\n\t\t\t\t<\/div>\n\t\t\t\t<section class=\"elementor-section elementor-inner-section elementor-element elementor-element-e2c2cc2 elementor-section-full_width elementor-section-height-default elementor-section-height-default\" data-id=\"e2c2cc2\" data-element_type=\"section\" data-settings=\"{&quot;background_background&quot;:&quot;classic&quot;}\">\n\t\t\t\t\t\t<div class=\"elementor-container elementor-column-gap-no\">\n\t\t\t\t\t<div class=\"elementor-column elementor-col-50 elementor-inner-column elementor-element elementor-element-00756c8\" data-id=\"00756c8\" data-element_type=\"column\">\n\t\t\t<div class=\"elementor-widget-wrap elementor-element-populated\">\n\t\t\t\t\t\t<div class=\"elementor-element elementor-element-c26a46d elementor-position-top elementor-widget elementor-widget-image-box\" data-id=\"c26a46d\" data-element_type=\"widget\" data-widget_type=\"image-box.default\">\n\t\t\t\t<div class=\"elementor-widget-container\">\n\t\t\t\t\t<div class=\"elementor-image-box-wrapper\"><figure class=\"elementor-image-box-img\"><img fetchpriority=\"high\" decoding=\"async\" width=\"800\" height=\"1200\" src=\"https:\/\/gyogyharisnya.hu\/wp-content\/uploads\/2025\/08\/Elastobol-AG-Combtoig-ero-harisnya.jpg\" class=\"attachment-full size-full wp-image-5409\" alt=\"\" srcset=\"https:\/\/gyogyharisnya.hu\/wp-content\/uploads\/2025\/08\/Elastobol-AG-Combtoig-ero-harisnya.jpg 800w, https:\/\/gyogyharisnya.hu\/wp-content\/uploads\/2025\/08\/Elastobol-AG-Combtoig-ero-harisnya-200x300.jpg 200w, https:\/\/gyogyharisnya.hu\/wp-content\/uploads\/2025\/08\/Elastobol-AG-Combtoig-ero-harisnya-683x1024.jpg 683w, https:\/\/gyogyharisnya.hu\/wp-content\/uploads\/2025\/08\/Elastobol-AG-Combtoig-ero-harisnya-768x1152.jpg 768w, https:\/\/gyogyharisnya.hu\/wp-content\/uploads\/2025\/08\/Elastobol-AG-Combtoig-ero-harisnya-600x900.jpg 600w\" sizes=\"(max-width: 800px) 100vw, 800px\" \/><\/figure><div class=\"elementor-image-box-content\"><h3 class=\"elementor-image-box-title\">AG Thigh-High Stockings<\/h3><\/div><\/div>\t\t\t\t<\/div>\n\t\t\t\t<\/div>\n\t\t\t\t\t<\/div>\n\t\t<\/div>\n\t\t\t\t<div class=\"elementor-column elementor-col-50 elementor-inner-column elementor-element elementor-element-99edd77\" data-id=\"99edd77\" data-element_type=\"column\">\n\t\t\t<div class=\"elementor-widget-wrap\">\n\t\t\t\t\t\t\t<\/div>\n\t\t<\/div>\n\t\t\t\t\t<\/div>\n\t\t<\/section>\n\t\t\t\t<div class=\"elementor-element elementor-element-73a89b0 elementor-widget elementor-widget-bin-heading-title\" data-id=\"73a89b0\" data-element_type=\"widget\" data-widget_type=\"bin-heading-title.default\">\n\t\t\t\t<div class=\"elementor-widget-container\">\n\t\t\t\t\t\n        <div class=\"headline\">\n        <h2 class=\"elementor-heading-title elementor-size-default\">Size chart<\/h2>        <\/div>\n\n\t\t\t\t\t<\/div>\n\t\t\t\t<\/div>\n\t\t\t\t<div class=\"elementor-element elementor-element-97dc5dc elementor-widget elementor-widget-image\" data-id=\"97dc5dc\" data-element_type=\"widget\" data-widget_type=\"image.default\">\n\t\t\t\t<div class=\"elementor-widget-container\">\n\t\t\t\t\t\t\t\t\t\t\t\t\t\t\t<img decoding=\"async\" width=\"640\" height=\"168\" src=\"https:\/\/gyogyharisnya.hu\/wp-content\/uploads\/2025\/08\/screenshot-2025-08-07-at-00_optimized.29.34-1024x268.png\" class=\"attachment-large size-large wp-image-5366\" alt=\"\" srcset=\"https:\/\/gyogyharisnya.hu\/wp-content\/uploads\/2025\/08\/screenshot-2025-08-07-at-00_optimized.29.34-1024x268.png 1024w, https:\/\/gyogyharisnya.hu\/wp-content\/uploads\/2025\/08\/screenshot-2025-08-07-at-00_optimized.29.34-300x79.png 300w, https:\/\/gyogyharisnya.hu\/wp-content\/uploads\/2025\/08\/screenshot-2025-08-07-at-00_optimized.29.34-768x201.png 768w, https:\/\/gyogyharisnya.hu\/wp-content\/uploads\/2025\/08\/screenshot-2025-08-07-at-00_optimized.29.34-600x157.png 600w, https:\/\/gyogyharisnya.hu\/wp-content\/uploads\/2025\/08\/screenshot-2025-08-07-at-00_optimized.29.34.png 1390w\" sizes=\"(max-width: 640px) 100vw, 640px\" \/>\t\t\t\t\t\t\t\t\t\t\t\t\t\t\t<\/div>\n\t\t\t\t<\/div>\n\t\t\t\t<div class=\"elementor-element elementor-element-e457a78 elementor-widget elementor-widget-text-editor\" data-id=\"e457a78\" data-element_type=\"widget\" data-widget_type=\"text-editor.default\">\n\t\t\t\t<div class=\"elementor-widget-container\">\n\t\t\t\t\t\t\t\t\t<p>For our compression products, recommendations for putting them on, care instructions, and warranty information can be found at <a href=\"http:\/\/gyogyharisnya.hu\/en\/termekek\/hasznalati-utmutato\/\">User Manual<\/a> section of the menu.<\/p>\t\t\t\t\t\t\t\t<\/div>\n\t\t\t\t<\/div>\n\t\t\t\t\t<\/div>\n\t\t<\/div>\n\t\t\t\t<div class=\"elementor-column elementor-col-33 elementor-top-column elementor-element elementor-element-1e4b6ea\" data-id=\"1e4b6ea\" data-element_type=\"column\">\n\t\t\t<div class=\"elementor-widget-wrap elementor-element-populated\">\n\t\t\t\t\t\t<div class=\"elementor-element elementor-element-3ec2fef elementor-widget elementor-widget-bin-service-link\" data-id=\"3ec2fef\" data-element_type=\"widget\" data-widget_type=\"bin-service-link.default\">\n\t\t\t\t<div class=\"elementor-widget-container\">\n\t\t\t\t\t    <div class=\"bi-sidebar-widget headline ul-li-block\">\n        <div class=\"service-widget\">\n            <h3 class=\"widget-title\">Products<\/h3>\n            <div class=\"widget-area\">\n                <ul>\n                                            <li><a href=\"http:\/\/gyogyharisnya.hu\/en\/termekek\/megelozo-celu-labharisnyak\/\">Preventive Leg <br>Stockings<\/a><\/li>\n                                            <li><a href=\"http:\/\/gyogyharisnya.hu\/en\/termekek\/elastofit\/\">Elastofit<\/a><\/li>\n                                            <li><a href=\"http:\/\/gyogyharisnya.hu\/en\/termekek\/elastobol\/\">Elastobol<\/a><\/li>\n                                            <li><a href=\"http:\/\/gyogyharisnya.hu\/en\/termekek\/elastobol-fly\/\">Elastobol Fly<\/a><\/li>\n                                            <li><a href=\"http:\/\/gyogyharisnya.hu\/en\/termekek\/gyogyaszati-celu-labharisnyak\/\">Medical Leg <br>Stockings<\/a><\/li>\n                                            <li><a href=\"http:\/\/gyogyharisnya.hu\/en\/termekek\/ii-kompresszio-fokozatu-termekek\/\">Products with compression level II<\/a><\/li>\n                                            <li><a href=\"http:\/\/gyogyharisnya.hu\/en\/termekek\/elastostar\/\">Elastostar<\/a><\/li>\n                                            <li><a href=\"http:\/\/gyogyharisnya.hu\/en\/termekek\/elastomed-komfort\/\">Elastomed Komfort<\/a><\/li>\n                                            <li><a href=\"http:\/\/gyogyharisnya.hu\/en\/termekek\/elastomed-stretch\/\">Elastomed Stretch<\/a><\/li>\n                                            <li><a href=\"http:\/\/gyogyharisnya.hu\/en\/termekek\/iii-kompresszio-fokozatu-termekek\/\">Products with compression level III<\/a><\/li>\n                                            <li><a href=\"http:\/\/gyogyharisnya.hu\/en\/termekek\/izuleti-tamaszok\/\">Joint Supports <\/a><\/li>\n                                            <li><a href=\"http:\/\/gyogyharisnya.hu\/en\/termekek\/kompresszios-csonkharisnya\/\">Compression Stump <br>Stockings<\/a><\/li>\n                                            <li><a href=\"http:\/\/gyogyharisnya.hu\/en\/termekek\/hasznalati-utmutato\/\">User Manual<\/a><\/li>\n                                    <\/ul>\n            <\/div>\n        <\/div>\n    <\/div>\n    \t\t\t\t<\/div>\n\t\t\t\t<\/div>\n\t\t\t\t\t<\/div>\n\t\t<\/div>\n\t\t\t\t\t<\/div>\n\t\t<\/section>\n\t\t\t\t<\/div>","protected":false},"excerpt":{"rendered":"<p>Elastobol Home &nbsp; Elastobol A combt\u0151ig \u00e9r\u0151 Elastobol emb\u00f3lia megel\u0151z\u0151 harisnya visel\u00e9se tart\u00f3s \u00e1gynyugalom eset\u00e9n, valamint m\u0171t\u00e9tek el\u0151tt, alatt \u00e9s ut\u00e1n aj\u00e1nlott, mert haszn\u00e1lat\u00e1val jelent\u0151sen cs\u00f6kkenthet\u0151 a v\u00e9rr\u00f6gk\u00e9pz\u0151d\u00e9s vesz\u00e9lye a medence nagy v\u00e9rereiben. Visel\u00e9se el\u0151seg\u00edti a v\u00e9r sz\u00edv fel\u00e9 \u00e1raml\u00e1s\u00e1t, mert az \u00e1ltala kifejtett kompresszi\u00f3s nyom\u00e1s a bok\u00e1t\u00f3l comb fel\u00e9 fokozatosan cs\u00f6kken. Ezzel a term\u00e9kkel [&hellip;]<\/p>","protected":false},"author":1,"featured_media":0,"parent":893,"menu_order":0,"comment_status":"closed","ping_status":"closed","template":"invite-template.php","meta":{"footnotes":""},"class_list":["post-5401","page","type-page","status-publish","hentry"],"_links":{"self":[{"href":"https:\/\/gyogyharisnya.hu\/en\/wp-json\/wp\/v2\/pages\/5401","targetHints":{"allow":["GET"]}}],"collection":[{"href":"https:\/\/gyogyharisnya.hu\/en\/wp-json\/wp\/v2\/pages"}],"about":[{"href":"https:\/\/gyogyharisnya.hu\/en\/wp-json\/wp\/v2\/types\/page"}],"author":[{"embeddable":true,"href":"https:\/\/gyogyharisnya.hu\/en\/wp-json\/wp\/v2\/users\/1"}],"replies":[{"embeddable":true,"href":"https:\/\/gyogyharisnya.hu\/en\/wp-json\/wp\/v2\/comments?post=5401"}],"version-history":[{"count":14,"href":"https:\/\/gyogyharisnya.hu\/en\/wp-json\/wp\/v2\/pages\/5401\/revisions"}],"predecessor-version":[{"id":5675,"href":"https:\/\/gyogyharisnya.hu\/en\/wp-json\/wp\/v2\/pages\/5401\/revisions\/5675"}],"up":[{"embeddable":true,"href":"https:\/\/gyogyharisnya.hu\/en\/wp-json\/wp\/v2\/pages\/893"}],"wp:attachment":[{"href":"https:\/\/gyogyharisnya.hu\/en\/wp-json\/wp\/v2\/media?parent=5401"}],"curies":[{"name":"wp","href":"https:\/\/api.w.org\/{rel}","templated":true}]}}