{"id":5413,"date":"2025-08-07T20:30:52","date_gmt":"2025-08-07T20:30:52","guid":{"rendered":"http:\/\/gyogyharisnya.hu\/?page_id=5413"},"modified":"2025-08-29T08:28:39","modified_gmt":"2025-08-29T08:28:39","slug":"elastobol-fly","status":"publish","type":"page","link":"https:\/\/gyogyharisnya.hu\/en\/termekek\/elastobol-fly\/","title":{"rendered":"Elastobol Fly"},"content":{"rendered":"<div data-elementor-type=\"wp-page\" data-elementor-id=\"5413\" class=\"elementor elementor-5413\">\n\t\t\t\t\t\t<section class=\"elementor-section elementor-top-section elementor-element elementor-element-1cebcfe elementor-section-boxed elementor-section-height-default elementor-section-height-default\" data-id=\"1cebcfe\" data-element_type=\"section\" data-settings=\"{&quot;background_background&quot;:&quot;classic&quot;}\">\n\t\t\t\t\t\t\t<div class=\"elementor-background-overlay\"><\/div>\n\t\t\t\t\t\t\t<div class=\"elementor-container elementor-column-gap-no\">\n\t\t\t\t\t<div class=\"elementor-column elementor-col-100 elementor-top-column elementor-element elementor-element-828fa9f\" data-id=\"828fa9f\" data-element_type=\"column\">\n\t\t\t<div class=\"elementor-widget-wrap elementor-element-populated\">\n\t\t\t\t\t\t<div class=\"elementor-element elementor-element-b5d4c85 elementor-widget elementor-widget-bings-breadcrumb\" data-id=\"b5d4c85\" data-element_type=\"widget\" data-widget_type=\"bings-breadcrumb.default\">\n\t\t\t\t<div class=\"elementor-widget-container\">\n\t\t\t\t\t    <div class=\"bi-breadcrumbs-content headline ul-li text-center\">\n\t\t<h1 class=\"page-heading\">Elastobol Fly<\/h1>\n        <ul>\n            <li class=\"breadcrumb-item\"><a href=\"https:\/\/gyogyharisnya.hu\/en\/\">Home &nbsp;<\/a><\/li><li class=\"breadcrumb-item\"><a href=\"https:\/\/gyogyharisnya.hu\/en\/termekek\/elastobol-fly\/\"><\/a><\/li>        <\/ul>\n    <\/div>\n    \t\t\t\t<\/div>\n\t\t\t\t<\/div>\n\t\t\t\t\t<\/div>\n\t\t<\/div>\n\t\t\t\t\t<\/div>\n\t\t<\/section>\n\t\t\t\t<section class=\"elementor-section elementor-top-section elementor-element elementor-element-00fa16f elementor-section-boxed elementor-section-height-default elementor-section-height-default\" data-id=\"00fa16f\" data-element_type=\"section\">\n\t\t\t\t\t\t<div class=\"elementor-container elementor-column-gap-default\">\n\t\t\t\t\t<div class=\"elementor-column elementor-col-66 elementor-top-column elementor-element elementor-element-e1f0ab8\" data-id=\"e1f0ab8\" data-element_type=\"column\">\n\t\t\t<div class=\"elementor-widget-wrap elementor-element-populated\">\n\t\t\t\t\t\t<div class=\"elementor-element elementor-element-800d165 elementor-widget elementor-widget-bin-heading-title\" data-id=\"800d165\" data-element_type=\"widget\" data-widget_type=\"bin-heading-title.default\">\n\t\t\t\t<div class=\"elementor-widget-container\">\n\t\t\t\t\t\n        <div class=\"headline\">\n        <h2 class=\"elementor-heading-title elementor-size-default\">Elastobol Fly<\/h2>        <\/div>\n\n\t\t\t\t\t<\/div>\n\t\t\t\t<\/div>\n\t\t\t\t<div class=\"elementor-element elementor-element-42e53df elementor-widget elementor-widget-text-editor\" data-id=\"42e53df\" data-element_type=\"widget\" data-widget_type=\"text-editor.default\">\n\t\t\t\t<div class=\"elementor-widget-container\">\n\t\t\t\t\t\t\t\t\t<p>The use of Elastobol Fly knee-high stockings is primarily recommended during long journeys (especially flights), as they can significantly reduce the risk of developing deep vein thrombosis during travel. During long trips by car, train, or plane, lack of physical activity and the compression of veins while sitting slows the return of blood to the heart. This can lead to blood clots forming in the leg veins, which may completely block blood flow or, later, be dislodged by increased blood pressure and, in the worst case, reach the lungs, causing pulmonary embolism\u2014the most common complication of thrombosis.<\/p>\n<p>The Elastobol Fly anti-embolism knee-high stockings use graduated compression, which decreases from the ankle upwards, to promote blood flow back to the heart, reducing the risk of thrombosis and making long journeys more comfortable.<\/p>\t\t\t\t\t\t\t\t<\/div>\n\t\t\t\t<\/div>\n\t\t\t\t<div class=\"elementor-element elementor-element-03ba757 elementor-widget elementor-widget-bin-heading-title\" data-id=\"03ba757\" data-element_type=\"widget\" data-widget_type=\"bin-heading-title.default\">\n\t\t\t\t<div class=\"elementor-widget-container\">\n\t\t\t\t\t\n        <div class=\"headline\">\n        <h2 class=\"elementor-heading-title elementor-size-default\">Product Range:<\/h2>        <\/div>\n\n\t\t\t\t\t<\/div>\n\t\t\t\t<\/div>\n\t\t\t\t<section class=\"elementor-section elementor-inner-section elementor-element elementor-element-e2c2cc2 elementor-section-full_width elementor-section-height-default elementor-section-height-default\" data-id=\"e2c2cc2\" data-element_type=\"section\" data-settings=\"{&quot;background_background&quot;:&quot;classic&quot;}\">\n\t\t\t\t\t\t<div class=\"elementor-container elementor-column-gap-no\">\n\t\t\t\t\t<div class=\"elementor-column elementor-col-50 elementor-inner-column elementor-element elementor-element-00756c8\" data-id=\"00756c8\" data-element_type=\"column\">\n\t\t\t<div class=\"elementor-widget-wrap elementor-element-populated\">\n\t\t\t\t\t\t<div class=\"elementor-element elementor-element-c26a46d elementor-position-top elementor-widget elementor-widget-image-box\" data-id=\"c26a46d\" data-element_type=\"widget\" data-widget_type=\"image-box.default\">\n\t\t\t\t<div class=\"elementor-widget-container\">\n\t\t\t\t\t<div class=\"elementor-image-box-wrapper\"><figure class=\"elementor-image-box-img\"><img fetchpriority=\"high\" decoding=\"async\" width=\"533\" height=\"800\" src=\"https:\/\/gyogyharisnya.hu\/wp-content\/uploads\/2025\/08\/Elastobol-Fly.jpg\" class=\"attachment-full size-full wp-image-5415\" alt=\"\" srcset=\"https:\/\/gyogyharisnya.hu\/wp-content\/uploads\/2025\/08\/Elastobol-Fly.jpg 533w, https:\/\/gyogyharisnya.hu\/wp-content\/uploads\/2025\/08\/Elastobol-Fly-200x300.jpg 200w\" sizes=\"(max-width: 533px) 100vw, 533px\" \/><\/figure><div class=\"elementor-image-box-content\"><h3 class=\"elementor-image-box-title\">AD Knee-High Stockings<\/h3><\/div><\/div>\t\t\t\t<\/div>\n\t\t\t\t<\/div>\n\t\t\t\t\t<\/div>\n\t\t<\/div>\n\t\t\t\t<div class=\"elementor-column elementor-col-50 elementor-inner-column elementor-element elementor-element-99edd77\" data-id=\"99edd77\" data-element_type=\"column\">\n\t\t\t<div class=\"elementor-widget-wrap\">\n\t\t\t\t\t\t\t<\/div>\n\t\t<\/div>\n\t\t\t\t\t<\/div>\n\t\t<\/section>\n\t\t\t\t<div class=\"elementor-element elementor-element-e457a78 elementor-widget elementor-widget-text-editor\" data-id=\"e457a78\" data-element_type=\"widget\" data-widget_type=\"text-editor.default\">\n\t\t\t\t<div class=\"elementor-widget-container\">\n\t\t\t\t\t\t\t\t\t<p>The Elastobol Fly knee-high stockings (AD) are available in black with a closed toe.<\/p>\t\t\t\t\t\t\t\t<\/div>\n\t\t\t\t<\/div>\n\t\t\t\t<div class=\"elementor-element elementor-element-73a89b0 elementor-widget elementor-widget-bin-heading-title\" data-id=\"73a89b0\" data-element_type=\"widget\" data-widget_type=\"bin-heading-title.default\">\n\t\t\t\t<div class=\"elementor-widget-container\">\n\t\t\t\t\t\n        <div class=\"headline\">\n        <h2 class=\"elementor-heading-title elementor-size-default\">Size chart<\/h2>        <\/div>\n\n\t\t\t\t\t<\/div>\n\t\t\t\t<\/div>\n\t\t\t\t<div class=\"elementor-element elementor-element-97dc5dc elementor-widget elementor-widget-image\" data-id=\"97dc5dc\" data-element_type=\"widget\" data-widget_type=\"image.default\">\n\t\t\t\t<div class=\"elementor-widget-container\">\n\t\t\t\t\t\t\t\t\t\t\t\t\t\t\t<img decoding=\"async\" width=\"640\" height=\"167\" src=\"https:\/\/gyogyharisnya.hu\/wp-content\/uploads\/2025\/08\/screenshot-2025-08-07-at-22_optimized.34.27-1024x267.png\" class=\"attachment-large size-large wp-image-5422\" alt=\"\" srcset=\"https:\/\/gyogyharisnya.hu\/wp-content\/uploads\/2025\/08\/screenshot-2025-08-07-at-22_optimized.34.27-1024x267.png 1024w, https:\/\/gyogyharisnya.hu\/wp-content\/uploads\/2025\/08\/screenshot-2025-08-07-at-22_optimized.34.27-300x78.png 300w, https:\/\/gyogyharisnya.hu\/wp-content\/uploads\/2025\/08\/screenshot-2025-08-07-at-22_optimized.34.27-768x200.png 768w, https:\/\/gyogyharisnya.hu\/wp-content\/uploads\/2025\/08\/screenshot-2025-08-07-at-22_optimized.34.27-1536x401.png 1536w, https:\/\/gyogyharisnya.hu\/wp-content\/uploads\/2025\/08\/screenshot-2025-08-07-at-22_optimized.34.27-2048x534.png 2048w, https:\/\/gyogyharisnya.hu\/wp-content\/uploads\/2025\/08\/screenshot-2025-08-07-at-22_optimized.34.27-600x157.png 600w\" sizes=\"(max-width: 640px) 100vw, 640px\" \/>\t\t\t\t\t\t\t\t\t\t\t\t\t\t\t<\/div>\n\t\t\t\t<\/div>\n\t\t\t\t<div class=\"elementor-element elementor-element-c323e03 elementor-widget elementor-widget-text-editor\" data-id=\"c323e03\" data-element_type=\"widget\" data-widget_type=\"text-editor.default\">\n\t\t\t\t<div class=\"elementor-widget-container\">\n\t\t\t\t\t\t\t\t\t<p>For our compression products, recommendations for putting them on, care instructions, and warranty information can be found at <a href=\"http:\/\/gyogyharisnya.hu\/en\/termekek\/hasznalati-utmutato\/\">User Manual<\/a> section of the menu.<\/p>\t\t\t\t\t\t\t\t<\/div>\n\t\t\t\t<\/div>\n\t\t\t\t\t<\/div>\n\t\t<\/div>\n\t\t\t\t<div class=\"elementor-column elementor-col-33 elementor-top-column elementor-element elementor-element-1e4b6ea\" data-id=\"1e4b6ea\" data-element_type=\"column\">\n\t\t\t<div class=\"elementor-widget-wrap elementor-element-populated\">\n\t\t\t\t\t\t<div class=\"elementor-element elementor-element-2530946 elementor-widget elementor-widget-bin-service-link\" data-id=\"2530946\" data-element_type=\"widget\" data-widget_type=\"bin-service-link.default\">\n\t\t\t\t<div class=\"elementor-widget-container\">\n\t\t\t\t\t    <div class=\"bi-sidebar-widget headline ul-li-block\">\n        <div class=\"service-widget\">\n            <h3 class=\"widget-title\">Products<\/h3>\n            <div class=\"widget-area\">\n                <ul>\n                                            <li><a href=\"http:\/\/gyogyharisnya.hu\/en\/termekek\/megelozo-celu-labharisnyak\/\">Preventive Leg <br>Stockings<\/a><\/li>\n                                            <li><a href=\"http:\/\/gyogyharisnya.hu\/en\/termekek\/elastofit\/\">Elastofit<\/a><\/li>\n                                            <li><a href=\"http:\/\/gyogyharisnya.hu\/en\/termekek\/elastobol\/\">Elastobol<\/a><\/li>\n                                            <li><a href=\"http:\/\/gyogyharisnya.hu\/en\/termekek\/elastobol-fly\/\">Elastobol Fly<\/a><\/li>\n                                            <li><a href=\"http:\/\/gyogyharisnya.hu\/en\/termekek\/gyogyaszati-celu-labharisnyak\/\">Medical Leg <br>Stockings<\/a><\/li>\n                                            <li><a href=\"http:\/\/gyogyharisnya.hu\/en\/termekek\/ii-kompresszio-fokozatu-termekek\/\">Products with compression level II<\/a><\/li>\n                                            <li><a href=\"http:\/\/gyogyharisnya.hu\/en\/termekek\/elastostar\/\">Elastostar<\/a><\/li>\n                                            <li><a href=\"http:\/\/gyogyharisnya.hu\/en\/termekek\/elastomed-komfort\/\">Elastomed Komfort<\/a><\/li>\n                                            <li><a href=\"http:\/\/gyogyharisnya.hu\/en\/termekek\/elastomed-stretch\/\">Elastomed Stretch<\/a><\/li>\n                                            <li><a href=\"http:\/\/gyogyharisnya.hu\/en\/termekek\/iii-kompresszio-fokozatu-termekek\/\">Products with compression level III<\/a><\/li>\n                                            <li><a href=\"http:\/\/gyogyharisnya.hu\/en\/termekek\/izuleti-tamaszok\/\">Joint Supports <\/a><\/li>\n                                            <li><a href=\"http:\/\/gyogyharisnya.hu\/en\/termekek\/kompresszios-csonkharisnya\/\">Compression Stump <br>Stockings<\/a><\/li>\n                                            <li><a href=\"http:\/\/gyogyharisnya.hu\/en\/termekek\/hasznalati-utmutato\/\">User Manual<\/a><\/li>\n                                    <\/ul>\n            <\/div>\n        <\/div>\n    <\/div>\n    \t\t\t\t<\/div>\n\t\t\t\t<\/div>\n\t\t\t\t\t<\/div>\n\t\t<\/div>\n\t\t\t\t\t<\/div>\n\t\t<\/section>\n\t\t\t\t<\/div>","protected":false},"excerpt":{"rendered":"<p>Elastobol Fly Home &nbsp; Elastobol Fly Az Elastobol Fly t\u00e9rdharisnya haszn\u00e1lata els\u0151sorban a hossz\u00fa id\u0151tartalm\u00fa utaz\u00e1sok (f\u0151leg rep\u00fcl\u0151utak) alatt aj\u00e1nlott, ezzel ugyanis nagym\u00e9rt\u00e9kben cs\u00f6kkenthet\u0151 az utaz\u00e1s alatt k\u00f6nnyen kifejl\u0151d\u0151 m\u00e9lyv\u00e9n\u00e1s tromb\u00f3zis kock\u00e1zata. Hossz\u00fa utaz\u00e1s k\u00f6zben az aut\u00f3ban, vonaton vagy rep\u00fcl\u0151n a testmozg\u00e1s hi\u00e1nya, \u00e9s \u00fcl\u00e9s k\u00f6zben a v\u00e9n\u00e1k \u00f6sszenyom\u00e1sa lelass\u00edtja a v\u00e9r vissza\u00e1raml\u00e1s\u00e1t a sz\u00edv [&hellip;]<\/p>","protected":false},"author":1,"featured_media":0,"parent":893,"menu_order":0,"comment_status":"closed","ping_status":"closed","template":"invite-template.php","meta":{"footnotes":""},"class_list":["post-5413","page","type-page","status-publish","hentry"],"_links":{"self":[{"href":"https:\/\/gyogyharisnya.hu\/en\/wp-json\/wp\/v2\/pages\/5413","targetHints":{"allow":["GET"]}}],"collection":[{"href":"https:\/\/gyogyharisnya.hu\/en\/wp-json\/wp\/v2\/pages"}],"about":[{"href":"https:\/\/gyogyharisnya.hu\/en\/wp-json\/wp\/v2\/types\/page"}],"author":[{"embeddable":true,"href":"https:\/\/gyogyharisnya.hu\/en\/wp-json\/wp\/v2\/users\/1"}],"replies":[{"embeddable":true,"href":"https:\/\/gyogyharisnya.hu\/en\/wp-json\/wp\/v2\/comments?post=5413"}],"version-history":[{"count":20,"href":"https:\/\/gyogyharisnya.hu\/en\/wp-json\/wp\/v2\/pages\/5413\/revisions"}],"predecessor-version":[{"id":5678,"href":"https:\/\/gyogyharisnya.hu\/en\/wp-json\/wp\/v2\/pages\/5413\/revisions\/5678"}],"up":[{"embeddable":true,"href":"https:\/\/gyogyharisnya.hu\/en\/wp-json\/wp\/v2\/pages\/893"}],"wp:attachment":[{"href":"https:\/\/gyogyharisnya.hu\/en\/wp-json\/wp\/v2\/media?parent=5413"}],"curies":[{"name":"wp","href":"https:\/\/api.w.org\/{rel}","templated":true}]}}