{"id":5427,"date":"2025-08-07T20:37:06","date_gmt":"2025-08-07T20:37:06","guid":{"rendered":"http:\/\/gyogyharisnya.hu\/?page_id=5427"},"modified":"2025-09-11T08:19:40","modified_gmt":"2025-09-11T08:19:40","slug":"gyogyaszati-celu-labharisnyak","status":"publish","type":"page","link":"https:\/\/gyogyharisnya.hu\/en\/termekek\/gyogyaszati-celu-labharisnyak\/","title":{"rendered":"Medical Leg Stockings"},"content":{"rendered":"<div data-elementor-type=\"wp-page\" data-elementor-id=\"5427\" class=\"elementor elementor-5427\">\n\t\t\t\t\t\t<section class=\"elementor-section elementor-top-section elementor-element elementor-element-1cebcfe elementor-section-boxed elementor-section-height-default elementor-section-height-default\" data-id=\"1cebcfe\" data-element_type=\"section\" data-settings=\"{&quot;background_background&quot;:&quot;classic&quot;}\">\n\t\t\t\t\t\t\t<div class=\"elementor-background-overlay\"><\/div>\n\t\t\t\t\t\t\t<div class=\"elementor-container elementor-column-gap-no\">\n\t\t\t\t\t<div class=\"elementor-column elementor-col-100 elementor-top-column elementor-element elementor-element-828fa9f\" data-id=\"828fa9f\" data-element_type=\"column\">\n\t\t\t<div class=\"elementor-widget-wrap elementor-element-populated\">\n\t\t\t\t\t\t<div class=\"elementor-element elementor-element-b5d4c85 elementor-widget elementor-widget-bings-breadcrumb\" data-id=\"b5d4c85\" data-element_type=\"widget\" data-widget_type=\"bings-breadcrumb.default\">\n\t\t\t\t<div class=\"elementor-widget-container\">\n\t\t\t\t\t    <div class=\"bi-breadcrumbs-content headline ul-li text-center\">\n\t\t<h1 class=\"page-heading\">Medical Leg Stockings<\/h1>\n        <ul>\n            <li class=\"breadcrumb-item\"><a href=\"https:\/\/gyogyharisnya.hu\/en\/\">Home &nbsp;<\/a><\/li><li class=\"breadcrumb-item\"><a href=\"https:\/\/gyogyharisnya.hu\/en\/termekek\/gyogyaszati-celu-labharisnyak\/\"><\/a><\/li>        <\/ul>\n    <\/div>\n    \t\t\t\t<\/div>\n\t\t\t\t<\/div>\n\t\t\t\t\t<\/div>\n\t\t<\/div>\n\t\t\t\t\t<\/div>\n\t\t<\/section>\n\t\t\t\t<section class=\"elementor-section elementor-top-section elementor-element elementor-element-00fa16f elementor-section-boxed elementor-section-height-default elementor-section-height-default\" data-id=\"00fa16f\" data-element_type=\"section\">\n\t\t\t\t\t\t<div class=\"elementor-container elementor-column-gap-default\">\n\t\t\t\t\t<div class=\"elementor-column elementor-col-66 elementor-top-column elementor-element elementor-element-e1f0ab8\" data-id=\"e1f0ab8\" data-element_type=\"column\">\n\t\t\t<div class=\"elementor-widget-wrap elementor-element-populated\">\n\t\t\t\t\t\t<div class=\"elementor-element elementor-element-800d165 elementor-widget elementor-widget-bin-heading-title\" data-id=\"800d165\" data-element_type=\"widget\" data-widget_type=\"bin-heading-title.default\">\n\t\t\t\t<div class=\"elementor-widget-container\">\n\t\t\t\t\t\n        <div class=\"headline\">\n        <h2 class=\"elementor-heading-title elementor-size-default\">Medical Leg Stockings<\/h2>        <\/div>\n\n\t\t\t\t\t<\/div>\n\t\t\t\t<\/div>\n\t\t\t\t<div class=\"elementor-element elementor-element-42e53df elementor-widget elementor-widget-text-editor\" data-id=\"42e53df\" data-element_type=\"widget\" data-widget_type=\"text-editor.default\">\n\t\t\t\t<div class=\"elementor-widget-container\">\n\t\t\t\t\t\t\t\t\t<p>Medical compression stockings are essential for the treatment of venous and lymphatic disorders of the legs and arms. Their purpose is to improve the patient\u2019s condition, maintain mobility, and alleviate pain associated with the disease.<\/p>\n<p>Medical compression stockings are designed with pressure gradually decreasing from the ankle toward the thigh, in accordance with medical guidelines, to ensure proper blood and lymphatic circulation. They are available in standard sizes as well as custom-made. Their compression levels are II and III, and for custom-made stockings, level IV is also available.<\/p>\t\t\t\t\t\t\t\t<\/div>\n\t\t\t\t<\/div>\n\t\t\t\t<div class=\"elementor-element elementor-element-b6297d1 elementor-widget elementor-widget-bin-heading-title\" data-id=\"b6297d1\" data-element_type=\"widget\" data-widget_type=\"bin-heading-title.default\">\n\t\t\t\t<div class=\"elementor-widget-container\">\n\t\t\t\t\t\n        <div class=\"headline\">\n        <h2 class=\"elementor-heading-title elementor-size-default\">Compression levels of medical stockings:<\/h2>        <\/div>\n\n\t\t\t\t\t<\/div>\n\t\t\t\t<\/div>\n\t\t\t\t<div class=\"elementor-element elementor-element-ee8d1ad elementor-widget elementor-widget-image\" data-id=\"ee8d1ad\" data-element_type=\"widget\" data-widget_type=\"image.default\">\n\t\t\t\t<div class=\"elementor-widget-container\">\n\t\t\t\t\t\t\t\t\t\t\t\t\t\t\t<img fetchpriority=\"high\" decoding=\"async\" width=\"640\" height=\"92\" src=\"https:\/\/gyogyharisnya.hu\/wp-content\/uploads\/2025\/08\/screenshot-2025-08-07-at-22_optimized.38.37-1024x147.png\" class=\"attachment-large size-large wp-image-5429\" alt=\"\" srcset=\"https:\/\/gyogyharisnya.hu\/wp-content\/uploads\/2025\/08\/screenshot-2025-08-07-at-22_optimized.38.37-1024x147.png 1024w, https:\/\/gyogyharisnya.hu\/wp-content\/uploads\/2025\/08\/screenshot-2025-08-07-at-22_optimized.38.37-300x43.png 300w, https:\/\/gyogyharisnya.hu\/wp-content\/uploads\/2025\/08\/screenshot-2025-08-07-at-22_optimized.38.37-768x111.png 768w, https:\/\/gyogyharisnya.hu\/wp-content\/uploads\/2025\/08\/screenshot-2025-08-07-at-22_optimized.38.37-1536x221.png 1536w, https:\/\/gyogyharisnya.hu\/wp-content\/uploads\/2025\/08\/screenshot-2025-08-07-at-22_optimized.38.37-2048x295.png 2048w, https:\/\/gyogyharisnya.hu\/wp-content\/uploads\/2025\/08\/screenshot-2025-08-07-at-22_optimized.38.37-600x86.png 600w\" sizes=\"(max-width: 640px) 100vw, 640px\" \/>\t\t\t\t\t\t\t\t\t\t\t\t\t\t\t<\/div>\n\t\t\t\t<\/div>\n\t\t\t\t<div class=\"elementor-element elementor-element-8395031 elementor-widget elementor-widget-text-editor\" data-id=\"8395031\" data-element_type=\"widget\" data-widget_type=\"text-editor.default\">\n\t\t\t\t<div class=\"elementor-widget-container\">\n\t\t\t\t\t\t\t\t\t<p>Always consult your physician before wearing compression medical stockings, and for further information, visit <a href=\"\/en\/termekeink-alkalmazasa\/\">Application of Our Products<\/a> which can be found under the menu section.<\/p>\n<p>Medical compression stockings are considered a medical device and may be prescribed by a physician if necessary.<\/p>\n<p>Once a physician has prescribed the use of compression stockings, the patient should visit a medical supply store, where the appropriate compression stockings will be selected based on precise measurements taken from the leg.<\/p>\t\t\t\t\t\t\t\t<\/div>\n\t\t\t\t<\/div>\n\t\t<div class=\"elementor-element elementor-element-88dd7bf e-flex e-con-boxed e-con e-parent\" data-id=\"88dd7bf\" data-element_type=\"container\">\n\t\t\t\t\t<div class=\"e-con-inner\">\n\t\t<div class=\"elementor-element elementor-element-e8a524b e-grid e-con-full e-con e-child\" data-id=\"e8a524b\" data-element_type=\"container\">\n\t\t\t\t<div class=\"elementor-element elementor-element-535e810 elementor-widget elementor-widget-bin-icon-box\" data-id=\"535e810\" data-element_type=\"widget\" data-widget_type=\"bin-icon-box.default\">\n\t\t\t\t<div class=\"elementor-widget-container\">\n\t\t\t\t\t\t<div class=\"bi-service-details-text-area\">\n        <div class=\"bi-sd-feature\">\n            <div class=\"bi-sd-icon-title d-flex align-items-center\">\n                <div class=\"inner-icon\">\n                    <svg xmlns=\"http:\/\/www.w3.org\/2000\/svg\" width=\"44.000000pt\" height=\"53.000000pt\" viewbox=\"0 0 44.000000 53.000000\" preserveaspectratio=\"xMidYMid meet\"><g transform=\"translate(0.000000,53.000000) scale(0.100000,-0.100000)\" fill=\"#000000\" stroke=\"none\"><path d=\"M10 510 c0 -6 50 -10 130 -10 173 0 165 9 173 -188 5 -150 6 -152 38 -199 17 -26 41 -56 53 -65 21 -17 21 -18 -10 -18 -17 0 -37 6 -43 14 -6 8 -25 19 -41 26 -28 12 -30 16 -30 64 0 28 -9 75 -20 104 -12 31 -20 76 -20 114 l0 61 -52 -7 c-29 -3 -81 -6 -115 -6 -40 0 -63 -4 -63 -11 0 -8 23 -9 76 -4 72 7 76 6 69 -12 -4 -10 -17 -49 -27 -88 -14 -48 -29 -79 -50 -99 -37 -36 -33 -60 24 -127 28 -33 49 -49 65 -49 30 0 40 25 20 48 -31 36 -31 62 4 134 18 37 36 68 39 68 13 0 35 -78 35 -129 0 -43 4 -56 20 -65 11 -6 33 -21 48 -33 34 -27 85 -30 94 -7 4 10 0 22 -8 28 -8 6 -31 34 -50 61 l-34 50 -3 135 c-3 168 -5 176 -45 200 -27 17 -50 20 -154 20 -76 0 -123 -4 -123 -10z m212 -167 c3 -41 -4 -61 -41 -133 l-44 -85 19 -40 c10 -22 20 -43 22 -47 2 -5 -5 -8 -15 -8 -19 0 -93 91 -93 114 0 7 13 25 29 40 19 18 32 43 36 70 11 66 45 136 66 136 14 0 19 -9 21 -47z\"><\/path><\/g><\/svg>                <\/div>\n                <div class=\"inner-title\">\n                    <h4><a href=\"http:\/\/gyogyharisnya.hu\/en\/termekek\/elastostar\/\">Elastostar<\/a><\/h4>\n                <\/div>\n            <\/div>\n            <div class=\"bi-sd-feature-text\">\n                            <\/div>\n        <\/div>\n    <\/div>\n    \t\t\t\t<\/div>\n\t\t\t\t<\/div>\n\t\t\t\t<div class=\"elementor-element elementor-element-c168051 elementor-widget elementor-widget-bin-icon-box\" data-id=\"c168051\" data-element_type=\"widget\" data-widget_type=\"bin-icon-box.default\">\n\t\t\t\t<div class=\"elementor-widget-container\">\n\t\t\t\t\t\t<div class=\"bi-service-details-text-area\">\n        <div class=\"bi-sd-feature\">\n            <div class=\"bi-sd-icon-title d-flex align-items-center\">\n                <div class=\"inner-icon\">\n                    <svg xmlns=\"http:\/\/www.w3.org\/2000\/svg\" width=\"44.000000pt\" height=\"53.000000pt\" viewbox=\"0 0 44.000000 53.000000\" preserveaspectratio=\"xMidYMid meet\"><g transform=\"translate(0.000000,53.000000) scale(0.100000,-0.100000)\" fill=\"#000000\" stroke=\"none\"><path d=\"M10 510 c0 -6 50 -10 130 -10 173 0 165 9 173 -188 5 -150 6 -152 38 -199 17 -26 41 -56 53 -65 21 -17 21 -18 -10 -18 -17 0 -37 6 -43 14 -6 8 -25 19 -41 26 -28 12 -30 16 -30 64 0 28 -9 75 -20 104 -12 31 -20 76 -20 114 l0 61 -52 -7 c-29 -3 -81 -6 -115 -6 -40 0 -63 -4 -63 -11 0 -8 23 -9 76 -4 72 7 76 6 69 -12 -4 -10 -17 -49 -27 -88 -14 -48 -29 -79 -50 -99 -37 -36 -33 -60 24 -127 28 -33 49 -49 65 -49 30 0 40 25 20 48 -31 36 -31 62 4 134 18 37 36 68 39 68 13 0 35 -78 35 -129 0 -43 4 -56 20 -65 11 -6 33 -21 48 -33 34 -27 85 -30 94 -7 4 10 0 22 -8 28 -8 6 -31 34 -50 61 l-34 50 -3 135 c-3 168 -5 176 -45 200 -27 17 -50 20 -154 20 -76 0 -123 -4 -123 -10z m212 -167 c3 -41 -4 -61 -41 -133 l-44 -85 19 -40 c10 -22 20 -43 22 -47 2 -5 -5 -8 -15 -8 -19 0 -93 91 -93 114 0 7 13 25 29 40 19 18 32 43 36 70 11 66 45 136 66 136 14 0 19 -9 21 -47z\"><\/path><\/g><\/svg>                <\/div>\n                <div class=\"inner-title\">\n                    <h4><a href=\"http:\/\/gyogyharisnya.hu\/en\/termekek\/elastomed-komfort\/\">Elastomed komfort<\/a><\/h4>\n                <\/div>\n            <\/div>\n            <div class=\"bi-sd-feature-text\">\n                            <\/div>\n        <\/div>\n    <\/div>\n    \t\t\t\t<\/div>\n\t\t\t\t<\/div>\n\t\t\t\t<div class=\"elementor-element elementor-element-12319d0 elementor-widget elementor-widget-bin-icon-box\" data-id=\"12319d0\" data-element_type=\"widget\" data-widget_type=\"bin-icon-box.default\">\n\t\t\t\t<div class=\"elementor-widget-container\">\n\t\t\t\t\t\t<div class=\"bi-service-details-text-area\">\n        <div class=\"bi-sd-feature\">\n            <div class=\"bi-sd-icon-title d-flex align-items-center\">\n                <div class=\"inner-icon\">\n                    <svg xmlns=\"http:\/\/www.w3.org\/2000\/svg\" width=\"44.000000pt\" height=\"53.000000pt\" viewbox=\"0 0 44.000000 53.000000\" preserveaspectratio=\"xMidYMid meet\"><g transform=\"translate(0.000000,53.000000) scale(0.100000,-0.100000)\" fill=\"#000000\" stroke=\"none\"><path d=\"M10 510 c0 -6 50 -10 130 -10 173 0 165 9 173 -188 5 -150 6 -152 38 -199 17 -26 41 -56 53 -65 21 -17 21 -18 -10 -18 -17 0 -37 6 -43 14 -6 8 -25 19 -41 26 -28 12 -30 16 -30 64 0 28 -9 75 -20 104 -12 31 -20 76 -20 114 l0 61 -52 -7 c-29 -3 -81 -6 -115 -6 -40 0 -63 -4 -63 -11 0 -8 23 -9 76 -4 72 7 76 6 69 -12 -4 -10 -17 -49 -27 -88 -14 -48 -29 -79 -50 -99 -37 -36 -33 -60 24 -127 28 -33 49 -49 65 -49 30 0 40 25 20 48 -31 36 -31 62 4 134 18 37 36 68 39 68 13 0 35 -78 35 -129 0 -43 4 -56 20 -65 11 -6 33 -21 48 -33 34 -27 85 -30 94 -7 4 10 0 22 -8 28 -8 6 -31 34 -50 61 l-34 50 -3 135 c-3 168 -5 176 -45 200 -27 17 -50 20 -154 20 -76 0 -123 -4 -123 -10z m212 -167 c3 -41 -4 -61 -41 -133 l-44 -85 19 -40 c10 -22 20 -43 22 -47 2 -5 -5 -8 -15 -8 -19 0 -93 91 -93 114 0 7 13 25 29 40 19 18 32 43 36 70 11 66 45 136 66 136 14 0 19 -9 21 -47z\"><\/path><\/g><\/svg>                <\/div>\n                <div class=\"inner-title\">\n                    <h4><a href=\"http:\/\/gyogyharisnya.hu\/en\/termekek\/elastomed-stretch\/\">Elastomed stretch<\/a><\/h4>\n                <\/div>\n            <\/div>\n            <div class=\"bi-sd-feature-text\">\n                            <\/div>\n        <\/div>\n    <\/div>\n    \t\t\t\t<\/div>\n\t\t\t\t<\/div>\n\t\t\t\t<div class=\"elementor-element elementor-element-3fa1a0e elementor-widget elementor-widget-bin-icon-box\" data-id=\"3fa1a0e\" data-element_type=\"widget\" data-widget_type=\"bin-icon-box.default\">\n\t\t\t\t<div class=\"elementor-widget-container\">\n\t\t\t\t\t\t<div class=\"bi-service-details-text-area\">\n        <div class=\"bi-sd-feature\">\n            <div class=\"bi-sd-icon-title d-flex align-items-center\">\n                <div class=\"inner-icon\">\n                    <svg xmlns=\"http:\/\/www.w3.org\/2000\/svg\" width=\"44.000000pt\" height=\"53.000000pt\" viewbox=\"0 0 44.000000 53.000000\" preserveaspectratio=\"xMidYMid meet\"><g transform=\"translate(0.000000,53.000000) scale(0.100000,-0.100000)\" fill=\"#000000\" stroke=\"none\"><path d=\"M10 510 c0 -6 50 -10 130 -10 173 0 165 9 173 -188 5 -150 6 -152 38 -199 17 -26 41 -56 53 -65 21 -17 21 -18 -10 -18 -17 0 -37 6 -43 14 -6 8 -25 19 -41 26 -28 12 -30 16 -30 64 0 28 -9 75 -20 104 -12 31 -20 76 -20 114 l0 61 -52 -7 c-29 -3 -81 -6 -115 -6 -40 0 -63 -4 -63 -11 0 -8 23 -9 76 -4 72 7 76 6 69 -12 -4 -10 -17 -49 -27 -88 -14 -48 -29 -79 -50 -99 -37 -36 -33 -60 24 -127 28 -33 49 -49 65 -49 30 0 40 25 20 48 -31 36 -31 62 4 134 18 37 36 68 39 68 13 0 35 -78 35 -129 0 -43 4 -56 20 -65 11 -6 33 -21 48 -33 34 -27 85 -30 94 -7 4 10 0 22 -8 28 -8 6 -31 34 -50 61 l-34 50 -3 135 c-3 168 -5 176 -45 200 -27 17 -50 20 -154 20 -76 0 -123 -4 -123 -10z m212 -167 c3 -41 -4 -61 -41 -133 l-44 -85 19 -40 c10 -22 20 -43 22 -47 2 -5 -5 -8 -15 -8 -19 0 -93 91 -93 114 0 7 13 25 29 40 19 18 32 43 36 70 11 66 45 136 66 136 14 0 19 -9 21 -47z\"><\/path><\/g><\/svg>                <\/div>\n                <div class=\"inner-title\">\n                    <h4><a href=\"http:\/\/gyogyharisnya.hu\/en\/termekek\/iii-kompresszio-fokozatu-termekek\/\">Elstobar Komfort<\/a><\/h4>\n                <\/div>\n            <\/div>\n            <div class=\"bi-sd-feature-text\">\n                            <\/div>\n        <\/div>\n    <\/div>\n    \t\t\t\t<\/div>\n\t\t\t\t<\/div>\n\t\t\t\t<\/div>\n\t\t\t\t\t<\/div>\n\t\t\t\t<\/div>\n\t\t\t\t\t<\/div>\n\t\t<\/div>\n\t\t\t\t<div class=\"elementor-column elementor-col-33 elementor-top-column elementor-element elementor-element-1e4b6ea\" data-id=\"1e4b6ea\" data-element_type=\"column\">\n\t\t\t<div class=\"elementor-widget-wrap elementor-element-populated\">\n\t\t\t\t\t\t<div class=\"elementor-element elementor-element-233f197 elementor-widget elementor-widget-bin-service-link\" data-id=\"233f197\" data-element_type=\"widget\" data-widget_type=\"bin-service-link.default\">\n\t\t\t\t<div class=\"elementor-widget-container\">\n\t\t\t\t\t    <div class=\"bi-sidebar-widget headline ul-li-block\">\n        <div class=\"service-widget\">\n            <h3 class=\"widget-title\">Products<\/h3>\n            <div class=\"widget-area\">\n                <ul>\n                                            <li><a href=\"http:\/\/gyogyharisnya.hu\/en\/termekek\/megelozo-celu-labharisnyak\/\">Preventive Leg <br>Stockings<\/a><\/li>\n                                            <li><a href=\"http:\/\/gyogyharisnya.hu\/en\/termekek\/elastofit\/\">Elastofit<\/a><\/li>\n                                            <li><a href=\"http:\/\/gyogyharisnya.hu\/en\/termekek\/elastobol\/\">Elastobol<\/a><\/li>\n                                            <li><a href=\"http:\/\/gyogyharisnya.hu\/en\/termekek\/elastobol-fly\/\">Elastobol Fly<\/a><\/li>\n                                            <li><a href=\"http:\/\/gyogyharisnya.hu\/en\/termekek\/gyogyaszati-celu-labharisnyak\/\">Medical Leg <br>Stockings<\/a><\/li>\n                                            <li><a href=\"http:\/\/gyogyharisnya.hu\/en\/termekek\/ii-kompresszio-fokozatu-termekek\/\">Products with compression level II<\/a><\/li>\n                                            <li><a href=\"http:\/\/gyogyharisnya.hu\/en\/termekek\/elastostar\/\">Elastostar<\/a><\/li>\n                                            <li><a href=\"http:\/\/gyogyharisnya.hu\/en\/termekek\/elastomed-komfort\/\">Elastomed Komfort<\/a><\/li>\n                                            <li><a href=\"http:\/\/gyogyharisnya.hu\/en\/termekek\/elastomed-stretch\/\">Elastomed Stretch<\/a><\/li>\n                                            <li><a href=\"http:\/\/gyogyharisnya.hu\/en\/termekek\/iii-kompresszio-fokozatu-termekek\/\">Products with compression level III<\/a><\/li>\n                                            <li><a href=\"http:\/\/gyogyharisnya.hu\/en\/termekek\/izuleti-tamaszok\/\">Joint Supports <\/a><\/li>\n                                            <li><a href=\"http:\/\/gyogyharisnya.hu\/en\/termekek\/kompresszios-csonkharisnya\/\">Compression Stump <br>Stockings<\/a><\/li>\n                                            <li><a href=\"http:\/\/gyogyharisnya.hu\/en\/termekek\/hasznalati-utmutato\/\">User Manual<\/a><\/li>\n                                    <\/ul>\n            <\/div>\n        <\/div>\n    <\/div>\n    \t\t\t\t<\/div>\n\t\t\t\t<\/div>\n\t\t\t\t\t<\/div>\n\t\t<\/div>\n\t\t\t\t\t<\/div>\n\t\t<\/section>\n\t\t\t\t<\/div>","protected":false},"excerpt":{"rendered":"<p>Gy\u00f3gy\u00e1szati c\u00e9l\u00fa l\u00e1bharisny\u00e1k Home &nbsp; Gy\u00f3gy\u00e1szati c\u00e9l\u00fa l\u00e1bharisny\u00e1k A gy\u00f3gy\u00e1szati c\u00e9l\u00fa l\u00e1bharisny\u00e1k n\u00e9lk\u00fcl\u00f6zhetetlenek a l\u00e1b \u00e9s a kar v\u00e9n\u00e1s, illetve nyirokrendszeri betegs\u00e9geinek kezel\u00e9se sor\u00e1n. Feladatuk a betegek \u00e1llapot\u00e1nak jav\u00edt\u00e1sa, mozg\u00e1sk\u00e9pess\u00e9g\u00fck meg\u0151rz\u00e9se, a betegs\u00e9ggel fell\u00e9p\u0151 f\u00e1jdalmak m\u00e9rs\u00e9kl\u00e9se. A gy\u00f3gyharisny\u00e1k szor\u00edt\u00f3ereje az orvosi el\u0151\u00edr\u00e1soknak megfelel\u0151en tervezett, a bok\u00e1t\u00f3l a combt\u0151 fel\u00e9 fokozatosan cs\u00f6kken, \u00edgy biztos\u00edtva a v\u00e9r- [&hellip;]<\/p>","protected":false},"author":1,"featured_media":0,"parent":893,"menu_order":0,"comment_status":"closed","ping_status":"closed","template":"invite-template.php","meta":{"footnotes":""},"class_list":["post-5427","page","type-page","status-publish","hentry"],"_links":{"self":[{"href":"https:\/\/gyogyharisnya.hu\/en\/wp-json\/wp\/v2\/pages\/5427","targetHints":{"allow":["GET"]}}],"collection":[{"href":"https:\/\/gyogyharisnya.hu\/en\/wp-json\/wp\/v2\/pages"}],"about":[{"href":"https:\/\/gyogyharisnya.hu\/en\/wp-json\/wp\/v2\/types\/page"}],"author":[{"embeddable":true,"href":"https:\/\/gyogyharisnya.hu\/en\/wp-json\/wp\/v2\/users\/1"}],"replies":[{"embeddable":true,"href":"https:\/\/gyogyharisnya.hu\/en\/wp-json\/wp\/v2\/comments?post=5427"}],"version-history":[{"count":16,"href":"https:\/\/gyogyharisnya.hu\/en\/wp-json\/wp\/v2\/pages\/5427\/revisions"}],"predecessor-version":[{"id":5689,"href":"https:\/\/gyogyharisnya.hu\/en\/wp-json\/wp\/v2\/pages\/5427\/revisions\/5689"}],"up":[{"embeddable":true,"href":"https:\/\/gyogyharisnya.hu\/en\/wp-json\/wp\/v2\/pages\/893"}],"wp:attachment":[{"href":"https:\/\/gyogyharisnya.hu\/en\/wp-json\/wp\/v2\/media?parent=5427"}],"curies":[{"name":"wp","href":"https:\/\/api.w.org\/{rel}","templated":true}]}}