{"id":5473,"date":"2025-08-10T10:17:48","date_gmt":"2025-08-10T10:17:48","guid":{"rendered":"http:\/\/gyogyharisnya.hu\/?page_id=5473"},"modified":"2025-08-29T08:25:07","modified_gmt":"2025-08-29T08:25:07","slug":"kompresszios-csonkharisnya","status":"publish","type":"page","link":"https:\/\/gyogyharisnya.hu\/en\/termekek\/kompresszios-csonkharisnya\/","title":{"rendered":"Compression Stump Stockings"},"content":{"rendered":"<div data-elementor-type=\"wp-page\" data-elementor-id=\"5473\" class=\"elementor elementor-5473\">\n\t\t\t\t\t\t<section class=\"elementor-section elementor-top-section elementor-element elementor-element-1cebcfe elementor-section-boxed elementor-section-height-default elementor-section-height-default\" data-id=\"1cebcfe\" data-element_type=\"section\" data-settings=\"{&quot;background_background&quot;:&quot;classic&quot;}\">\n\t\t\t\t\t\t\t<div class=\"elementor-background-overlay\"><\/div>\n\t\t\t\t\t\t\t<div class=\"elementor-container elementor-column-gap-no\">\n\t\t\t\t\t<div class=\"elementor-column elementor-col-100 elementor-top-column elementor-element elementor-element-828fa9f\" data-id=\"828fa9f\" data-element_type=\"column\">\n\t\t\t<div class=\"elementor-widget-wrap elementor-element-populated\">\n\t\t\t\t\t\t<div class=\"elementor-element elementor-element-b5d4c85 elementor-widget elementor-widget-bings-breadcrumb\" data-id=\"b5d4c85\" data-element_type=\"widget\" data-widget_type=\"bings-breadcrumb.default\">\n\t\t\t\t<div class=\"elementor-widget-container\">\n\t\t\t\t\t    <div class=\"bi-breadcrumbs-content headline ul-li text-center\">\n\t\t<h1 class=\"page-heading\">Compression Stump Stockings<\/h1>\n        <ul>\n            <li class=\"breadcrumb-item\"><a href=\"https:\/\/gyogyharisnya.hu\/en\/\">Home &nbsp;<\/a><\/li><li class=\"breadcrumb-item\"><a href=\"https:\/\/gyogyharisnya.hu\/en\/termekek\/kompresszios-csonkharisnya\/\"><\/a><\/li>        <\/ul>\n    <\/div>\n    \t\t\t\t<\/div>\n\t\t\t\t<\/div>\n\t\t\t\t\t<\/div>\n\t\t<\/div>\n\t\t\t\t\t<\/div>\n\t\t<\/section>\n\t\t\t\t<section class=\"elementor-section elementor-top-section elementor-element elementor-element-00fa16f elementor-section-boxed elementor-section-height-default elementor-section-height-default\" data-id=\"00fa16f\" data-element_type=\"section\">\n\t\t\t\t\t\t<div class=\"elementor-container elementor-column-gap-default\">\n\t\t\t\t\t<div class=\"elementor-column elementor-col-66 elementor-top-column elementor-element elementor-element-e1f0ab8\" data-id=\"e1f0ab8\" data-element_type=\"column\">\n\t\t\t<div class=\"elementor-widget-wrap elementor-element-populated\">\n\t\t\t\t\t\t<div class=\"elementor-element elementor-element-800d165 elementor-widget elementor-widget-bin-heading-title\" data-id=\"800d165\" data-element_type=\"widget\" data-widget_type=\"bin-heading-title.default\">\n\t\t\t\t<div class=\"elementor-widget-container\">\n\t\t\t\t\t\n        <div class=\"headline\">\n        <h2 class=\"elementor-heading-title elementor-size-default\">Compression Stump Stockings<\/h2>        <\/div>\n\n\t\t\t\t\t<\/div>\n\t\t\t\t<\/div>\n\t\t\t\t<div class=\"elementor-element elementor-element-42e53df elementor-widget elementor-widget-text-editor\" data-id=\"42e53df\" data-element_type=\"widget\" data-widget_type=\"text-editor.default\">\n\t\t\t\t<div class=\"elementor-widget-container\">\n\t\t\t\t\t\t\t\t\t<p>The Elastomed II compression stump stocking is indispensable for maintaining the condition of patients who have undergone leg amputation. Its use is recommended after surgery for shaping the stump and ensuring a consistent stump circumference during the periods when the patient is not wearing the prosthesis. Wearing the Elastomed compression stump stocking greatly facilitates the maintenance of stump circumference, which is essential to avoid size discrepancies caused by stump swelling when fitting the prosthesis.<\/p>\t\t\t\t\t\t\t\t<\/div>\n\t\t\t\t<\/div>\n\t\t\t\t<div class=\"elementor-element elementor-element-03ba757 elementor-widget elementor-widget-bin-heading-title\" data-id=\"03ba757\" data-element_type=\"widget\" data-widget_type=\"bin-heading-title.default\">\n\t\t\t\t<div class=\"elementor-widget-container\">\n\t\t\t\t\t\n        <div class=\"headline\">\n        <h2 class=\"elementor-heading-title elementor-size-default\">Stump stocking size variations:<\/h2>        <\/div>\n\n\t\t\t\t\t<\/div>\n\t\t\t\t<\/div>\n\t\t\t\t<section class=\"elementor-section elementor-inner-section elementor-element elementor-element-e2c2cc2 elementor-section-full_width elementor-section-height-default elementor-section-height-default\" data-id=\"e2c2cc2\" data-element_type=\"section\" data-settings=\"{&quot;background_background&quot;:&quot;classic&quot;}\">\n\t\t\t\t\t\t<div class=\"elementor-container elementor-column-gap-no\">\n\t\t\t\t\t<div class=\"elementor-column elementor-col-50 elementor-inner-column elementor-element elementor-element-00756c8\" data-id=\"00756c8\" data-element_type=\"column\">\n\t\t\t<div class=\"elementor-widget-wrap elementor-element-populated\">\n\t\t\t\t\t\t<div class=\"elementor-element elementor-element-c26a46d elementor-position-top elementor-widget elementor-widget-image-box\" data-id=\"c26a46d\" data-element_type=\"widget\" data-widget_type=\"image-box.default\">\n\t\t\t\t<div class=\"elementor-widget-container\">\n\t\t\t\t\t<div class=\"elementor-image-box-wrapper\"><figure class=\"elementor-image-box-img\"><img fetchpriority=\"high\" decoding=\"async\" width=\"878\" height=\"620\" src=\"https:\/\/gyogyharisnya.hu\/wp-content\/uploads\/2025\/06\/eg-cg-csonkharisnya_optimized.jpg\" class=\"attachment-full size-full wp-image-5186\" alt=\"\" srcset=\"https:\/\/gyogyharisnya.hu\/wp-content\/uploads\/2025\/06\/eg-cg-csonkharisnya_optimized.jpg 878w, https:\/\/gyogyharisnya.hu\/wp-content\/uploads\/2025\/06\/eg-cg-csonkharisnya_optimized-300x212.jpg 300w, https:\/\/gyogyharisnya.hu\/wp-content\/uploads\/2025\/06\/eg-cg-csonkharisnya_optimized-768x542.jpg 768w, https:\/\/gyogyharisnya.hu\/wp-content\/uploads\/2025\/06\/eg-cg-csonkharisnya_optimized-600x424.jpg 600w\" sizes=\"(max-width: 878px) 100vw, 878px\" \/><\/figure><div class=\"elementor-image-box-content\"><h3 class=\"elementor-image-box-title\">EG thigh stump <br>CG lower leg stump<\/h3><\/div><\/div>\t\t\t\t<\/div>\n\t\t\t\t<\/div>\n\t\t\t\t\t<\/div>\n\t\t<\/div>\n\t\t\t\t<div class=\"elementor-column elementor-col-50 elementor-inner-column elementor-element elementor-element-99edd77\" data-id=\"99edd77\" data-element_type=\"column\">\n\t\t\t<div class=\"elementor-widget-wrap\">\n\t\t\t\t\t\t\t<\/div>\n\t\t<\/div>\n\t\t\t\t\t<\/div>\n\t\t<\/section>\n\t\t\t\t<div class=\"elementor-element elementor-element-73a89b0 elementor-widget elementor-widget-bin-heading-title\" data-id=\"73a89b0\" data-element_type=\"widget\" data-widget_type=\"bin-heading-title.default\">\n\t\t\t\t<div class=\"elementor-widget-container\">\n\t\t\t\t\t\n        <div class=\"headline\">\n        <h2 class=\"elementor-heading-title elementor-size-default\">Stump stocking size chart:<\/h2>        <\/div>\n\n\t\t\t\t\t<\/div>\n\t\t\t\t<\/div>\n\t\t\t\t<div class=\"elementor-element elementor-element-97dc5dc elementor-widget elementor-widget-image\" data-id=\"97dc5dc\" data-element_type=\"widget\" data-widget_type=\"image.default\">\n\t\t\t\t<div class=\"elementor-widget-container\">\n\t\t\t\t\t\t\t\t\t\t\t\t\t\t\t<img decoding=\"async\" width=\"640\" height=\"175\" src=\"https:\/\/gyogyharisnya.hu\/wp-content\/uploads\/2025\/08\/screenshot-2025-08-10-at-12_optimized.20.20-1024x280.png\" class=\"attachment-large size-large wp-image-5475\" alt=\"\" srcset=\"https:\/\/gyogyharisnya.hu\/wp-content\/uploads\/2025\/08\/screenshot-2025-08-10-at-12_optimized.20.20-1024x280.png 1024w, https:\/\/gyogyharisnya.hu\/wp-content\/uploads\/2025\/08\/screenshot-2025-08-10-at-12_optimized.20.20-300x82.png 300w, https:\/\/gyogyharisnya.hu\/wp-content\/uploads\/2025\/08\/screenshot-2025-08-10-at-12_optimized.20.20-768x210.png 768w, https:\/\/gyogyharisnya.hu\/wp-content\/uploads\/2025\/08\/screenshot-2025-08-10-at-12_optimized.20.20-1536x420.png 1536w, https:\/\/gyogyharisnya.hu\/wp-content\/uploads\/2025\/08\/screenshot-2025-08-10-at-12_optimized.20.20-2048x560.png 2048w, https:\/\/gyogyharisnya.hu\/wp-content\/uploads\/2025\/08\/screenshot-2025-08-10-at-12_optimized.20.20-600x164.png 600w\" sizes=\"(max-width: 640px) 100vw, 640px\" \/>\t\t\t\t\t\t\t\t\t\t\t\t\t\t\t<\/div>\n\t\t\t\t<\/div>\n\t\t\t\t<div class=\"elementor-element elementor-element-e457a78 elementor-widget elementor-widget-text-editor\" data-id=\"e457a78\" data-element_type=\"widget\" data-widget_type=\"text-editor.default\">\n\t\t\t\t<div class=\"elementor-widget-container\">\n\t\t\t\t\t\t\t\t\t<p align=\"left\">Always consult your physician before wearing compression medical stockings, and for further information, visit <a href=\"\/en\/termekeink-alkalmazasa\/\">Application of Our Products<\/a> which can be found under the menu section.<\/p>\n<p align=\"left\">For our compression products, recommendations for putting them on, care instructions, and warranty information can be found at<a href=\"\/en\/hasznalati-utmutato\/\"> User Manual<\/a> section of the menu.<\/p>\t\t\t\t\t\t\t\t<\/div>\n\t\t\t\t<\/div>\n\t\t\t\t\t<\/div>\n\t\t<\/div>\n\t\t\t\t<div class=\"elementor-column elementor-col-33 elementor-top-column elementor-element elementor-element-1e4b6ea\" data-id=\"1e4b6ea\" data-element_type=\"column\">\n\t\t\t<div class=\"elementor-widget-wrap elementor-element-populated\">\n\t\t\t\t\t\t<div class=\"elementor-element elementor-element-2664d04 elementor-widget elementor-widget-bin-service-link\" data-id=\"2664d04\" data-element_type=\"widget\" data-widget_type=\"bin-service-link.default\">\n\t\t\t\t<div class=\"elementor-widget-container\">\n\t\t\t\t\t    <div class=\"bi-sidebar-widget headline ul-li-block\">\n        <div class=\"service-widget\">\n            <h3 class=\"widget-title\">Products<\/h3>\n            <div class=\"widget-area\">\n                <ul>\n                                            <li><a href=\"http:\/\/gyogyharisnya.hu\/en\/termekek\/megelozo-celu-labharisnyak\/\">Preventive Leg <br>Stockings<\/a><\/li>\n                                            <li><a href=\"http:\/\/gyogyharisnya.hu\/en\/termekek\/elastofit\/\">Elastofit<\/a><\/li>\n                                            <li><a href=\"http:\/\/gyogyharisnya.hu\/en\/termekek\/elastobol\/\">Elastobol<\/a><\/li>\n                                            <li><a href=\"http:\/\/gyogyharisnya.hu\/en\/termekek\/elastobol-fly\/\">Elastobol Fly<\/a><\/li>\n                                            <li><a href=\"http:\/\/gyogyharisnya.hu\/en\/termekek\/gyogyaszati-celu-labharisnyak\/\">Medical Leg <br>Stockings<\/a><\/li>\n                                            <li><a href=\"http:\/\/gyogyharisnya.hu\/en\/termekek\/ii-kompresszio-fokozatu-termekek\/\">Products with compression level II<\/a><\/li>\n                                            <li><a href=\"http:\/\/gyogyharisnya.hu\/en\/termekek\/elastostar\/\">Elastostar<\/a><\/li>\n                                            <li><a href=\"http:\/\/gyogyharisnya.hu\/en\/termekek\/elastomed-komfort\/\">Elastomed Komfort<\/a><\/li>\n                                            <li><a href=\"http:\/\/gyogyharisnya.hu\/en\/termekek\/elastomed-stretch\/\">Elastomed Stretch<\/a><\/li>\n                                            <li><a href=\"http:\/\/gyogyharisnya.hu\/en\/termekek\/iii-kompresszio-fokozatu-termekek\/\">Products with compression level III<\/a><\/li>\n                                            <li><a href=\"http:\/\/gyogyharisnya.hu\/en\/termekek\/izuleti-tamaszok\/\">Joint Supports <\/a><\/li>\n                                            <li><a href=\"http:\/\/gyogyharisnya.hu\/en\/termekek\/kompresszios-csonkharisnya\/\">Compression Stump <br>Stockings<\/a><\/li>\n                                            <li><a href=\"http:\/\/gyogyharisnya.hu\/en\/termekek\/hasznalati-utmutato\/\">User Manual<\/a><\/li>\n                                    <\/ul>\n            <\/div>\n        <\/div>\n    <\/div>\n    \t\t\t\t<\/div>\n\t\t\t\t<\/div>\n\t\t\t\t\t<\/div>\n\t\t<\/div>\n\t\t\t\t\t<\/div>\n\t\t<\/section>\n\t\t\t\t<\/div>","protected":false},"excerpt":{"rendered":"<p>Kompresszi\u00f3s csonkharisnya Home &nbsp; Kompresszi\u00f3s csonkharisnya Az Elastomed II. kompresszi\u00f3s csonkharisnya a l\u00e1bamput\u00e1ci\u00f3n \u00e1tesett betegek, \u00e1llapot\u00e1nak szinten tart\u00e1s\u00e1hoz n\u00e9lk\u00fcl\u00f6zhetetlen. Visel\u00e9se javasolt oper\u00e1ci\u00f3 ut\u00e1n a csonk form\u00e1z\u00e1s\u00e1ra, \u00e9s az \u00e1lland\u00f3 csonkk\u00f6rfogat biztos\u00edt\u00e1s\u00e1ra abban az id\u0151szakban, amikor a beteg nem viseli a prot\u00e9zist. Az Elastomed kompresszi\u00f3s csonkharisny\u00e1nak a visel\u00e9se nagyban megk\u00f6nny\u00edti a csonkk\u00f6rfogat m\u00e9ret\u00e9nek szinten tart\u00e1s\u00e1t, ami [&hellip;]<\/p>","protected":false},"author":1,"featured_media":0,"parent":893,"menu_order":0,"comment_status":"closed","ping_status":"closed","template":"invite-template.php","meta":{"footnotes":""},"class_list":["post-5473","page","type-page","status-publish","hentry"],"_links":{"self":[{"href":"https:\/\/gyogyharisnya.hu\/en\/wp-json\/wp\/v2\/pages\/5473","targetHints":{"allow":["GET"]}}],"collection":[{"href":"https:\/\/gyogyharisnya.hu\/en\/wp-json\/wp\/v2\/pages"}],"about":[{"href":"https:\/\/gyogyharisnya.hu\/en\/wp-json\/wp\/v2\/types\/page"}],"author":[{"embeddable":true,"href":"https:\/\/gyogyharisnya.hu\/en\/wp-json\/wp\/v2\/users\/1"}],"replies":[{"embeddable":true,"href":"https:\/\/gyogyharisnya.hu\/en\/wp-json\/wp\/v2\/comments?post=5473"}],"version-history":[{"count":10,"href":"https:\/\/gyogyharisnya.hu\/en\/wp-json\/wp\/v2\/pages\/5473\/revisions"}],"predecessor-version":[{"id":5663,"href":"https:\/\/gyogyharisnya.hu\/en\/wp-json\/wp\/v2\/pages\/5473\/revisions\/5663"}],"up":[{"embeddable":true,"href":"https:\/\/gyogyharisnya.hu\/en\/wp-json\/wp\/v2\/pages\/893"}],"wp:attachment":[{"href":"https:\/\/gyogyharisnya.hu\/en\/wp-json\/wp\/v2\/media?parent=5473"}],"curies":[{"name":"wp","href":"https:\/\/api.w.org\/{rel}","templated":true}]}}