{"id":5609,"date":"2025-08-28T08:05:08","date_gmt":"2025-08-28T08:05:08","guid":{"rendered":"http:\/\/gyogyharisnya.hu\/?page_id=5609"},"modified":"2025-08-29T08:23:37","modified_gmt":"2025-08-29T08:23:37","slug":"elastomed-stretch","status":"publish","type":"page","link":"https:\/\/gyogyharisnya.hu\/en\/termekek\/elastomed-stretch\/","title":{"rendered":"Elastomed Stretch"},"content":{"rendered":"<div data-elementor-type=\"wp-page\" data-elementor-id=\"5609\" class=\"elementor elementor-5609\">\n\t\t\t\t\t\t<section class=\"elementor-section elementor-top-section elementor-element elementor-element-1cebcfe elementor-section-boxed elementor-section-height-default elementor-section-height-default\" data-id=\"1cebcfe\" data-element_type=\"section\" data-settings=\"{&quot;background_background&quot;:&quot;classic&quot;}\">\n\t\t\t\t\t\t\t<div class=\"elementor-background-overlay\"><\/div>\n\t\t\t\t\t\t\t<div class=\"elementor-container elementor-column-gap-no\">\n\t\t\t\t\t<div class=\"elementor-column elementor-col-100 elementor-top-column elementor-element elementor-element-828fa9f\" data-id=\"828fa9f\" data-element_type=\"column\">\n\t\t\t<div class=\"elementor-widget-wrap elementor-element-populated\">\n\t\t\t\t\t\t<div class=\"elementor-element elementor-element-b5d4c85 elementor-widget elementor-widget-bings-breadcrumb\" data-id=\"b5d4c85\" data-element_type=\"widget\" data-widget_type=\"bings-breadcrumb.default\">\n\t\t\t\t<div class=\"elementor-widget-container\">\n\t\t\t\t\t    <div class=\"bi-breadcrumbs-content headline ul-li text-center\">\n\t\t<h1 class=\"page-heading\">Elastomed Stretch<\/h1>\n        <ul>\n            <li class=\"breadcrumb-item\"><a href=\"https:\/\/gyogyharisnya.hu\/en\/\">Home &nbsp;<\/a><\/li><li class=\"breadcrumb-item\"><a href=\"https:\/\/gyogyharisnya.hu\/en\/termekek\/elastomed-stretch\/\"><\/a><\/li>        <\/ul>\n    <\/div>\n    \t\t\t\t<\/div>\n\t\t\t\t<\/div>\n\t\t\t\t\t<\/div>\n\t\t<\/div>\n\t\t\t\t\t<\/div>\n\t\t<\/section>\n\t\t\t\t<section class=\"elementor-section elementor-top-section elementor-element elementor-element-00fa16f elementor-section-boxed elementor-section-height-default elementor-section-height-default\" data-id=\"00fa16f\" data-element_type=\"section\">\n\t\t\t\t\t\t<div class=\"elementor-container elementor-column-gap-default\">\n\t\t\t\t\t<div class=\"elementor-column elementor-col-66 elementor-top-column elementor-element elementor-element-e1f0ab8\" data-id=\"e1f0ab8\" data-element_type=\"column\">\n\t\t\t<div class=\"elementor-widget-wrap elementor-element-populated\">\n\t\t\t\t\t\t<div class=\"elementor-element elementor-element-800d165 elementor-widget elementor-widget-bin-heading-title\" data-id=\"800d165\" data-element_type=\"widget\" data-widget_type=\"bin-heading-title.default\">\n\t\t\t\t<div class=\"elementor-widget-container\">\n\t\t\t\t\t\n        <div class=\"headline\">\n        <h2 class=\"elementor-heading-title elementor-size-default\">Elstomed Stretch<\/h2>        <\/div>\n\n\t\t\t\t\t<\/div>\n\t\t\t\t<\/div>\n\t\t\t\t<div class=\"elementor-element elementor-element-42e53df elementor-widget elementor-widget-text-editor\" data-id=\"42e53df\" data-element_type=\"widget\" data-widget_type=\"text-editor.default\">\n\t\t\t\t<div class=\"elementor-widget-container\">\n\t\t\t\t\t\t\t\t\t<p>Elastomed Stretch compression medical stockings are indispensable in the treatment of venous and lymphatic disorders of the leg. Their purpose is to improve the patient\u2019s condition, prevent further deterioration, maintain mobility, and reduce pain associated with the disease.<\/p>\n<p>The product is characterized by easy donning and doffing, reduced tendency to crease due to its greater longitudinal elasticity, and a higher level of comfort resulting from its thinner fabric structure.<\/p>\t\t\t\t\t\t\t\t<\/div>\n\t\t\t\t<\/div>\n\t\t\t\t<div class=\"elementor-element elementor-element-03ba757 elementor-widget elementor-widget-bin-heading-title\" data-id=\"03ba757\" data-element_type=\"widget\" data-widget_type=\"bin-heading-title.default\">\n\t\t\t\t<div class=\"elementor-widget-container\">\n\t\t\t\t\t\n        <div class=\"headline\">\n        <h2 class=\"elementor-heading-title elementor-size-default\">Types of stockings:<\/h2>        <\/div>\n\n\t\t\t\t\t<\/div>\n\t\t\t\t<\/div>\n\t\t\t\t<section class=\"elementor-section elementor-inner-section elementor-element elementor-element-e2c2cc2 elementor-section-full_width elementor-section-height-default elementor-section-height-default\" data-id=\"e2c2cc2\" data-element_type=\"section\" data-settings=\"{&quot;background_background&quot;:&quot;classic&quot;}\">\n\t\t\t\t\t\t<div class=\"elementor-container elementor-column-gap-no\">\n\t\t\t\t\t<div class=\"elementor-column elementor-col-50 elementor-inner-column elementor-element elementor-element-00756c8\" data-id=\"00756c8\" data-element_type=\"column\">\n\t\t\t<div class=\"elementor-widget-wrap elementor-element-populated\">\n\t\t\t\t\t\t<div class=\"elementor-element elementor-element-c26a46d elementor-position-top elementor-widget elementor-widget-image-box\" data-id=\"c26a46d\" data-element_type=\"widget\" data-widget_type=\"image-box.default\">\n\t\t\t\t<div class=\"elementor-widget-container\">\n\t\t\t\t\t<div class=\"elementor-image-box-wrapper\"><figure class=\"elementor-image-box-img\"><img fetchpriority=\"high\" decoding=\"async\" width=\"800\" height=\"1200\" src=\"https:\/\/gyogyharisnya.hu\/wp-content\/uploads\/2025\/06\/ad-terdharisnya_optimized.jpg\" class=\"attachment-full size-full wp-image-5178\" alt=\"\" srcset=\"https:\/\/gyogyharisnya.hu\/wp-content\/uploads\/2025\/06\/ad-terdharisnya_optimized.jpg 800w, https:\/\/gyogyharisnya.hu\/wp-content\/uploads\/2025\/06\/ad-terdharisnya_optimized-200x300.jpg 200w, https:\/\/gyogyharisnya.hu\/wp-content\/uploads\/2025\/06\/ad-terdharisnya_optimized-683x1024.jpg 683w, https:\/\/gyogyharisnya.hu\/wp-content\/uploads\/2025\/06\/ad-terdharisnya_optimized-768x1152.jpg 768w, https:\/\/gyogyharisnya.hu\/wp-content\/uploads\/2025\/06\/ad-terdharisnya_optimized-600x900.jpg 600w\" sizes=\"(max-width: 800px) 100vw, 800px\" \/><\/figure><div class=\"elementor-image-box-content\"><h3 class=\"elementor-image-box-title\">AD Knee-High Stockings<\/h3><\/div><\/div>\t\t\t\t<\/div>\n\t\t\t\t<\/div>\n\t\t\t\t\t<\/div>\n\t\t<\/div>\n\t\t\t\t<div class=\"elementor-column elementor-col-50 elementor-inner-column elementor-element elementor-element-99edd77\" data-id=\"99edd77\" data-element_type=\"column\">\n\t\t\t<div class=\"elementor-widget-wrap elementor-element-populated\">\n\t\t\t\t\t\t<div class=\"elementor-element elementor-element-ab8c3bc elementor-position-top elementor-widget elementor-widget-image-box\" data-id=\"ab8c3bc\" data-element_type=\"widget\" data-widget_type=\"image-box.default\">\n\t\t\t\t<div class=\"elementor-widget-container\">\n\t\t\t\t\t<div class=\"elementor-image-box-wrapper\"><figure class=\"elementor-image-box-img\"><img decoding=\"async\" width=\"533\" height=\"800\" src=\"https:\/\/gyogyharisnya.hu\/wp-content\/uploads\/2025\/08\/AF-Combkozepig-ero-harisnya.jpg\" class=\"attachment-full size-full wp-image-5448\" alt=\"\" srcset=\"https:\/\/gyogyharisnya.hu\/wp-content\/uploads\/2025\/08\/AF-Combkozepig-ero-harisnya.jpg 533w, https:\/\/gyogyharisnya.hu\/wp-content\/uploads\/2025\/08\/AF-Combkozepig-ero-harisnya-200x300.jpg 200w\" sizes=\"(max-width: 533px) 100vw, 533px\" \/><\/figure><div class=\"elementor-image-box-content\"><h3 class=\"elementor-image-box-title\">AF mid-thigh stockings<\/h3><\/div><\/div>\t\t\t\t<\/div>\n\t\t\t\t<\/div>\n\t\t\t\t\t<\/div>\n\t\t<\/div>\n\t\t\t\t\t<\/div>\n\t\t<\/section>\n\t\t\t\t<section class=\"elementor-section elementor-inner-section elementor-element elementor-element-d4c65d1 elementor-section-full_width elementor-section-height-default elementor-section-height-default\" data-id=\"d4c65d1\" data-element_type=\"section\" data-settings=\"{&quot;background_background&quot;:&quot;classic&quot;}\">\n\t\t\t\t\t\t<div class=\"elementor-container elementor-column-gap-no\">\n\t\t\t\t\t<div class=\"elementor-column elementor-col-50 elementor-inner-column elementor-element elementor-element-32bcc83\" data-id=\"32bcc83\" data-element_type=\"column\">\n\t\t\t<div class=\"elementor-widget-wrap elementor-element-populated\">\n\t\t\t\t\t\t<div class=\"elementor-element elementor-element-d1c5803 elementor-position-top elementor-widget elementor-widget-image-box\" data-id=\"d1c5803\" data-element_type=\"widget\" data-widget_type=\"image-box.default\">\n\t\t\t\t<div class=\"elementor-widget-container\">\n\t\t\t\t\t<div class=\"elementor-image-box-wrapper\"><figure class=\"elementor-image-box-img\"><img decoding=\"async\" width=\"800\" height=\"1200\" src=\"https:\/\/gyogyharisnya.hu\/wp-content\/uploads\/2025\/08\/AG-Combtoig-ero-harisnya.jpg\" class=\"attachment-full size-full wp-image-5364\" alt=\"\" srcset=\"https:\/\/gyogyharisnya.hu\/wp-content\/uploads\/2025\/08\/AG-Combtoig-ero-harisnya.jpg 800w, https:\/\/gyogyharisnya.hu\/wp-content\/uploads\/2025\/08\/AG-Combtoig-ero-harisnya-200x300.jpg 200w, https:\/\/gyogyharisnya.hu\/wp-content\/uploads\/2025\/08\/AG-Combtoig-ero-harisnya-683x1024.jpg 683w, https:\/\/gyogyharisnya.hu\/wp-content\/uploads\/2025\/08\/AG-Combtoig-ero-harisnya-768x1152.jpg 768w, https:\/\/gyogyharisnya.hu\/wp-content\/uploads\/2025\/08\/AG-Combtoig-ero-harisnya-600x900.jpg 600w\" sizes=\"(max-width: 800px) 100vw, 800px\" \/><\/figure><div class=\"elementor-image-box-content\"><h3 class=\"elementor-image-box-title\">AG thigh-high stockings<\/h3><\/div><\/div>\t\t\t\t<\/div>\n\t\t\t\t<\/div>\n\t\t\t\t\t<\/div>\n\t\t<\/div>\n\t\t\t\t<div class=\"elementor-column elementor-col-50 elementor-inner-column elementor-element elementor-element-ac8ce3d\" data-id=\"ac8ce3d\" data-element_type=\"column\">\n\t\t\t<div class=\"elementor-widget-wrap elementor-element-populated\">\n\t\t\t\t\t\t<div class=\"elementor-element elementor-element-76966d4 elementor-position-top elementor-widget elementor-widget-image-box\" data-id=\"76966d4\" data-element_type=\"widget\" data-widget_type=\"image-box.default\">\n\t\t\t\t<div class=\"elementor-widget-container\">\n\t\t\t\t\t<div class=\"elementor-image-box-wrapper\"><figure class=\"elementor-image-box-img\"><img loading=\"lazy\" decoding=\"async\" width=\"800\" height=\"1200\" src=\"https:\/\/gyogyharisnya.hu\/wp-content\/uploads\/2025\/06\/aghb-egyszaras-harisnyanadrag_optimized.jpg\" class=\"attachment-full size-full wp-image-5181\" alt=\"\" srcset=\"https:\/\/gyogyharisnya.hu\/wp-content\/uploads\/2025\/06\/aghb-egyszaras-harisnyanadrag_optimized.jpg 800w, https:\/\/gyogyharisnya.hu\/wp-content\/uploads\/2025\/06\/aghb-egyszaras-harisnyanadrag_optimized-200x300.jpg 200w, https:\/\/gyogyharisnya.hu\/wp-content\/uploads\/2025\/06\/aghb-egyszaras-harisnyanadrag_optimized-683x1024.jpg 683w, https:\/\/gyogyharisnya.hu\/wp-content\/uploads\/2025\/06\/aghb-egyszaras-harisnyanadrag_optimized-768x1152.jpg 768w, https:\/\/gyogyharisnya.hu\/wp-content\/uploads\/2025\/06\/aghb-egyszaras-harisnyanadrag_optimized-600x900.jpg 600w\" sizes=\"(max-width: 800px) 100vw, 800px\" \/><\/figure><div class=\"elementor-image-box-content\"><h3 class=\"elementor-image-box-title\">AG\/HB single-leg pantyhose<\/h3><\/div><\/div>\t\t\t\t<\/div>\n\t\t\t\t<\/div>\n\t\t\t\t\t<\/div>\n\t\t<\/div>\n\t\t\t\t\t<\/div>\n\t\t<\/section>\n\t\t\t\t<section class=\"elementor-section elementor-inner-section elementor-element elementor-element-b798860 elementor-section-full_width elementor-section-height-default elementor-section-height-default\" data-id=\"b798860\" data-element_type=\"section\" data-settings=\"{&quot;background_background&quot;:&quot;classic&quot;}\">\n\t\t\t\t\t\t<div class=\"elementor-container elementor-column-gap-no\">\n\t\t\t\t\t<div class=\"elementor-column elementor-col-50 elementor-inner-column elementor-element elementor-element-97b2a45\" data-id=\"97b2a45\" data-element_type=\"column\">\n\t\t\t<div class=\"elementor-widget-wrap elementor-element-populated\">\n\t\t\t\t\t\t<div class=\"elementor-element elementor-element-da6033d elementor-position-top elementor-widget elementor-widget-image-box\" data-id=\"da6033d\" data-element_type=\"widget\" data-widget_type=\"image-box.default\">\n\t\t\t\t<div class=\"elementor-widget-container\">\n\t\t\t\t\t<div class=\"elementor-image-box-wrapper\"><figure class=\"elementor-image-box-img\"><img loading=\"lazy\" decoding=\"async\" width=\"800\" height=\"1200\" src=\"https:\/\/gyogyharisnya.hu\/wp-content\/uploads\/2025\/08\/AM-Harisnyanadrag.jpg\" class=\"attachment-full size-full wp-image-5365\" alt=\"\" srcset=\"https:\/\/gyogyharisnya.hu\/wp-content\/uploads\/2025\/08\/AM-Harisnyanadrag.jpg 800w, https:\/\/gyogyharisnya.hu\/wp-content\/uploads\/2025\/08\/AM-Harisnyanadrag-200x300.jpg 200w, https:\/\/gyogyharisnya.hu\/wp-content\/uploads\/2025\/08\/AM-Harisnyanadrag-683x1024.jpg 683w, https:\/\/gyogyharisnya.hu\/wp-content\/uploads\/2025\/08\/AM-Harisnyanadrag-768x1152.jpg 768w, https:\/\/gyogyharisnya.hu\/wp-content\/uploads\/2025\/08\/AM-Harisnyanadrag-600x900.jpg 600w\" sizes=\"(max-width: 800px) 100vw, 800px\" \/><\/figure><div class=\"elementor-image-box-content\"><h3 class=\"elementor-image-box-title\">AM pantyhose <\/h3><\/div><\/div>\t\t\t\t<\/div>\n\t\t\t\t<\/div>\n\t\t\t\t\t<\/div>\n\t\t<\/div>\n\t\t\t\t<div class=\"elementor-column elementor-col-50 elementor-inner-column elementor-element elementor-element-e0215aa\" data-id=\"e0215aa\" data-element_type=\"column\">\n\t\t\t<div class=\"elementor-widget-wrap\">\n\t\t\t\t\t\t\t<\/div>\n\t\t<\/div>\n\t\t\t\t\t<\/div>\n\t\t<\/section>\n\t\t\t\t<div class=\"elementor-element elementor-element-9a8825f elementor-widget elementor-widget-text-editor\" data-id=\"9a8825f\" data-element_type=\"widget\" data-widget_type=\"text-editor.default\">\n\t\t\t\t<div class=\"elementor-widget-container\">\n\t\t\t\t\t\t\t\t\t<p>The products are available with either an open or closed toe.<\/p>\t\t\t\t\t\t\t\t<\/div>\n\t\t\t\t<\/div>\n\t\t\t\t<div class=\"elementor-element elementor-element-73a89b0 elementor-widget elementor-widget-bin-heading-title\" data-id=\"73a89b0\" data-element_type=\"widget\" data-widget_type=\"bin-heading-title.default\">\n\t\t\t\t<div class=\"elementor-widget-container\">\n\t\t\t\t\t\n        <div class=\"headline\">\n        <h2 class=\"elementor-heading-title elementor-size-default\">Available colors of the stockings:<\/h2>        <\/div>\n\n\t\t\t\t\t<\/div>\n\t\t\t\t<\/div>\n\t\t\t\t<div class=\"elementor-element elementor-element-b19820e elementor-icon-list--layout-traditional elementor-list-item-link-full_width elementor-widget elementor-widget-icon-list\" data-id=\"b19820e\" data-element_type=\"widget\" data-widget_type=\"icon-list.default\">\n\t\t\t\t<div class=\"elementor-widget-container\">\n\t\t\t\t\t\t\t<ul class=\"elementor-icon-list-items\">\n\t\t\t\t\t\t\t<li class=\"elementor-icon-list-item\">\n\t\t\t\t\t\t\t\t\t\t\t<span class=\"elementor-icon-list-icon\">\n\t\t\t\t\t\t\t<i aria-hidden=\"true\" class=\"fas fa-check-double\"><\/i>\t\t\t\t\t\t<\/span>\n\t\t\t\t\t\t\t\t\t\t<span class=\"elementor-icon-list-text\">Beige (skin color)<\/span>\n\t\t\t\t\t\t\t\t\t<\/li>\n\t\t\t\t\t\t\t\t<li class=\"elementor-icon-list-item\">\n\t\t\t\t\t\t\t\t\t\t\t<span class=\"elementor-icon-list-icon\">\n\t\t\t\t\t\t\t<i aria-hidden=\"true\" class=\"fas fa-check-double\"><\/i>\t\t\t\t\t\t<\/span>\n\t\t\t\t\t\t\t\t\t\t<span class=\"elementor-icon-list-text\">Black<\/span>\n\t\t\t\t\t\t\t\t\t<\/li>\n\t\t\t\t\t\t<\/ul>\n\t\t\t\t\t\t<\/div>\n\t\t\t\t<\/div>\n\t\t\t\t<div class=\"elementor-element elementor-element-72e70f9 elementor-widget elementor-widget-bin-heading-title\" data-id=\"72e70f9\" data-element_type=\"widget\" data-widget_type=\"bin-heading-title.default\">\n\t\t\t\t<div class=\"elementor-widget-container\">\n\t\t\t\t\t\n        <div class=\"headline\">\n        <h2 class=\"elementor-heading-title elementor-size-default\">Leg stocking size chart:<\/h2>        <\/div>\n\n\t\t\t\t\t<\/div>\n\t\t\t\t<\/div>\n\t\t\t\t<div class=\"elementor-element elementor-element-97dc5dc elementor-widget elementor-widget-image\" data-id=\"97dc5dc\" data-element_type=\"widget\" data-widget_type=\"image.default\">\n\t\t\t\t<div class=\"elementor-widget-container\">\n\t\t\t\t\t\t\t\t\t\t\t\t\t\t\t<img loading=\"lazy\" decoding=\"async\" width=\"640\" height=\"166\" src=\"https:\/\/gyogyharisnya.hu\/wp-content\/uploads\/2025\/08\/screenshot-2025-08-07-at-23_optimized.08.01-1024x266.png\" class=\"attachment-large size-large wp-image-5450\" alt=\"\" srcset=\"https:\/\/gyogyharisnya.hu\/wp-content\/uploads\/2025\/08\/screenshot-2025-08-07-at-23_optimized.08.01-1024x266.png 1024w, https:\/\/gyogyharisnya.hu\/wp-content\/uploads\/2025\/08\/screenshot-2025-08-07-at-23_optimized.08.01-300x78.png 300w, https:\/\/gyogyharisnya.hu\/wp-content\/uploads\/2025\/08\/screenshot-2025-08-07-at-23_optimized.08.01-768x200.png 768w, https:\/\/gyogyharisnya.hu\/wp-content\/uploads\/2025\/08\/screenshot-2025-08-07-at-23_optimized.08.01-1536x400.png 1536w, https:\/\/gyogyharisnya.hu\/wp-content\/uploads\/2025\/08\/screenshot-2025-08-07-at-23_optimized.08.01-2048x533.png 2048w, https:\/\/gyogyharisnya.hu\/wp-content\/uploads\/2025\/08\/screenshot-2025-08-07-at-23_optimized.08.01-600x156.png 600w\" sizes=\"(max-width: 640px) 100vw, 640px\" \/>\t\t\t\t\t\t\t\t\t\t\t\t\t\t\t<\/div>\n\t\t\t\t<\/div>\n\t\t\t\t<div class=\"elementor-element elementor-element-e457a78 elementor-widget elementor-widget-text-editor\" data-id=\"e457a78\" data-element_type=\"widget\" data-widget_type=\"text-editor.default\">\n\t\t\t\t<div class=\"elementor-widget-container\">\n\t\t\t\t\t\t\t\t\t<p>For foot sizes different from those listed in the table, custom-made products can be ordered. Measurement forms are available at\u00a0<a href=\"http:\/\/gyogyharisnya.hu\/en\/letoltesek\/\">Downloads<\/a>\u00a0which can be found under the menu section.<\/p>\n<p>Always consult your physician before wearing compression medical stockings, and for further information, visit\u00a0<a href=\"http:\/\/gyogyharisnya.hu\/en\/termekeink-alkalmazasa\/\">Application of Our Products<\/a>\u00a0which can be found under the menu section.<\/p>\n<p>For our compression products, recommendations for putting them on, care instructions, and warranty information can be found at\u00a0<a href=\"http:\/\/gyogyharisnya.hu\/en\/termekek\/hasznalati-utmutato\/\">User Manual<\/a>\u00a0section of the menu.<\/p>\t\t\t\t\t\t\t\t<\/div>\n\t\t\t\t<\/div>\n\t\t\t\t\t<\/div>\n\t\t<\/div>\n\t\t\t\t<div class=\"elementor-column elementor-col-33 elementor-top-column elementor-element elementor-element-1e4b6ea\" data-id=\"1e4b6ea\" data-element_type=\"column\">\n\t\t\t<div class=\"elementor-widget-wrap elementor-element-populated\">\n\t\t\t\t\t\t<div class=\"elementor-element elementor-element-53b58f4 elementor-widget elementor-widget-bin-service-link\" data-id=\"53b58f4\" data-element_type=\"widget\" data-widget_type=\"bin-service-link.default\">\n\t\t\t\t<div class=\"elementor-widget-container\">\n\t\t\t\t\t    <div class=\"bi-sidebar-widget headline ul-li-block\">\n        <div class=\"service-widget\">\n            <h3 class=\"widget-title\">Products<\/h3>\n            <div class=\"widget-area\">\n                <ul>\n                                            <li><a href=\"http:\/\/gyogyharisnya.hu\/en\/termekek\/megelozo-celu-labharisnyak\/\">Preventive Leg <br>Stockings<\/a><\/li>\n                                            <li><a href=\"http:\/\/gyogyharisnya.hu\/en\/termekek\/elastofit\/\">Elastofit<\/a><\/li>\n                                            <li><a href=\"http:\/\/gyogyharisnya.hu\/en\/termekek\/elastobol\/\">Elastobol<\/a><\/li>\n                                            <li><a href=\"http:\/\/gyogyharisnya.hu\/en\/termekek\/elastobol-fly\/\">Elastobol Fly<\/a><\/li>\n                                            <li><a href=\"http:\/\/gyogyharisnya.hu\/en\/termekek\/gyogyaszati-celu-labharisnyak\/\">Medical Leg <br>Stockings<\/a><\/li>\n                                            <li><a href=\"http:\/\/gyogyharisnya.hu\/en\/termekek\/ii-kompresszio-fokozatu-termekek\/\">Products with compression level II<\/a><\/li>\n                                            <li><a href=\"http:\/\/gyogyharisnya.hu\/en\/termekek\/elastostar\/\">Elastostar<\/a><\/li>\n                                            <li><a href=\"http:\/\/gyogyharisnya.hu\/en\/termekek\/elastomed-komfort\/\">Elastomed Komfort<\/a><\/li>\n                                            <li><a href=\"http:\/\/gyogyharisnya.hu\/en\/termekek\/elastomed-stretch\/\">Elastomed Stretch<\/a><\/li>\n                                            <li><a href=\"http:\/\/gyogyharisnya.hu\/en\/termekek\/iii-kompresszio-fokozatu-termekek\/\">Products with compression level III<\/a><\/li>\n                                            <li><a href=\"http:\/\/gyogyharisnya.hu\/en\/termekek\/izuleti-tamaszok\/\">Joint Supports <\/a><\/li>\n                                            <li><a href=\"http:\/\/gyogyharisnya.hu\/en\/termekek\/kompresszios-csonkharisnya\/\">Compression Stump <br>Stockings<\/a><\/li>\n                                            <li><a href=\"http:\/\/gyogyharisnya.hu\/en\/termekek\/hasznalati-utmutato\/\">User Manual<\/a><\/li>\n                                    <\/ul>\n            <\/div>\n        <\/div>\n    <\/div>\n    \t\t\t\t<\/div>\n\t\t\t\t<\/div>\n\t\t\t\t\t<\/div>\n\t\t<\/div>\n\t\t\t\t\t<\/div>\n\t\t<\/section>\n\t\t\t\t<\/div>","protected":false},"excerpt":{"rendered":"<p>Elastomed Stretch Home &nbsp; Elstomed Stretch Az Elastomed Stretch kompresszi\u00f3s gy\u00f3gyharisny\u00e1k a l\u00e1b v\u00e9n\u00e1s \u00e9s nyirokrendszeri betegs\u00e9geinek kezel\u00e9se sor\u00e1n n\u00e9lk\u00fcl\u00f6zhetetlenek. Feladatuk a beteg \u00e1llapot\u00e1nak jav\u00edt\u00e1sa, a tov\u00e1bbi roml\u00e1s megakad\u00e1lyoz\u00e1sa, a beteg mozg\u00e1sk\u00e9pess\u00e9g\u00e9nek meg\u0151rz\u00e9se, a betegs\u00e9ggel fell\u00e9p\u0151 f\u00e1jdalmak cs\u00f6kkent\u00e9se. A term\u00e9kre jellemz\u0151 a k\u00f6nny\u0171 fel- \u00e9s leh\u00fazhat\u00f3s\u00e1g, \u00e9s a nagyobb m\u00e9rt\u00e9k\u0171 hosszir\u00e1ny\u00fa rugalmass\u00e1gnak k\u00f6sz\u00f6nhet\u0151 kisebb r\u00e1nck\u00e9pz\u0151d\u00e9si [&hellip;]<\/p>","protected":false},"author":1,"featured_media":0,"parent":893,"menu_order":0,"comment_status":"closed","ping_status":"closed","template":"invite-template.php","meta":{"footnotes":""},"class_list":["post-5609","page","type-page","status-publish","hentry"],"_links":{"self":[{"href":"https:\/\/gyogyharisnya.hu\/en\/wp-json\/wp\/v2\/pages\/5609","targetHints":{"allow":["GET"]}}],"collection":[{"href":"https:\/\/gyogyharisnya.hu\/en\/wp-json\/wp\/v2\/pages"}],"about":[{"href":"https:\/\/gyogyharisnya.hu\/en\/wp-json\/wp\/v2\/types\/page"}],"author":[{"embeddable":true,"href":"https:\/\/gyogyharisnya.hu\/en\/wp-json\/wp\/v2\/users\/1"}],"replies":[{"embeddable":true,"href":"https:\/\/gyogyharisnya.hu\/en\/wp-json\/wp\/v2\/comments?post=5609"}],"version-history":[{"count":8,"href":"https:\/\/gyogyharisnya.hu\/en\/wp-json\/wp\/v2\/pages\/5609\/revisions"}],"predecessor-version":[{"id":5654,"href":"https:\/\/gyogyharisnya.hu\/en\/wp-json\/wp\/v2\/pages\/5609\/revisions\/5654"}],"up":[{"embeddable":true,"href":"https:\/\/gyogyharisnya.hu\/en\/wp-json\/wp\/v2\/pages\/893"}],"wp:attachment":[{"href":"https:\/\/gyogyharisnya.hu\/en\/wp-json\/wp\/v2\/media?parent=5609"}],"curies":[{"name":"wp","href":"https:\/\/api.w.org\/{rel}","templated":true}]}}