{"id":887,"date":"2023-07-10T06:39:45","date_gmt":"2023-07-10T06:39:45","guid":{"rendered":"https:\/\/themexriver.com\/wp\/haptic-wp\/?page_id=887"},"modified":"2025-08-05T21:21:12","modified_gmt":"2025-08-05T21:21:12","slug":"bemutatkozunk","status":"publish","type":"page","link":"https:\/\/gyogyharisnya.hu\/en\/bemutatkozunk\/","title":{"rendered":"About Us"},"content":{"rendered":"<div data-elementor-type=\"wp-page\" data-elementor-id=\"887\" class=\"elementor elementor-887\">\n\t\t\t\t\t\t<section class=\"elementor-section elementor-top-section elementor-element elementor-element-49abda2 elementor-section-boxed elementor-section-height-default elementor-section-height-default\" data-id=\"49abda2\" data-element_type=\"section\" data-settings=\"{&quot;background_background&quot;:&quot;classic&quot;}\">\n\t\t\t\t\t\t\t<div class=\"elementor-background-overlay\"><\/div>\n\t\t\t\t\t\t\t<div class=\"elementor-container elementor-column-gap-no\">\n\t\t\t\t\t<div class=\"elementor-column elementor-col-100 elementor-top-column elementor-element elementor-element-c724105\" data-id=\"c724105\" data-element_type=\"column\">\n\t\t\t<div class=\"elementor-widget-wrap elementor-element-populated\">\n\t\t\t\t\t\t<div class=\"elementor-element elementor-element-22bf0db elementor-widget elementor-widget-bings-breadcrumb\" data-id=\"22bf0db\" data-element_type=\"widget\" data-widget_type=\"bings-breadcrumb.default\">\n\t\t\t\t<div class=\"elementor-widget-container\">\n\t\t\t\t\t    <div class=\"bi-breadcrumbs-content headline ul-li text-center\">\n\t\t<h1 class=\"page-heading\">About Us<\/h1>\n        <ul>\n            <li class=\"breadcrumb-item\"><a href=\"https:\/\/gyogyharisnya.hu\/en\/\">Home &nbsp;<\/a><\/li><li class=\"breadcrumb-item\"><a href=\"https:\/\/gyogyharisnya.hu\/en\/bemutatkozunk\/\"><\/a><\/li>        <\/ul>\n    <\/div>\n    \t\t\t\t<\/div>\n\t\t\t\t<\/div>\n\t\t\t\t\t<\/div>\n\t\t<\/div>\n\t\t\t\t\t<\/div>\n\t\t<\/section>\n\t\t<div class=\"elementor-element elementor-element-8c4a98a e-flex e-con-boxed e-con e-parent\" data-id=\"8c4a98a\" data-element_type=\"container\">\n\t\t\t\t\t<div class=\"e-con-inner\">\n\t\t<div class=\"elementor-element elementor-element-61d82f0 e-con-full e-flex e-con e-child\" data-id=\"61d82f0\" data-element_type=\"container\">\n\t\t\t\t<div class=\"elementor-element elementor-element-5e0f1f4 elementor-widget elementor-widget-bin-section-title\" data-id=\"5e0f1f4\" data-element_type=\"widget\" data-widget_type=\"bin-section-title.default\">\n\t\t\t\t<div class=\"elementor-widget-container\">\n\t\t\t\t\t\t\t\t<div class=\"hap-section-title bins-text hap-headline pera-content text-left\">\n\t\t\t\t\t\t<h2 class=\"headline-title\">About Us<\/h2>\n\t\t\t\t\t\t<p>Founded in 1990, Pharmatextil Ltd. manufactures medical and preventive elastic compression textile products, including leg and arm stockings. The company\u2019s technical and technological developments, the use of the most advanced raw materials in production, computer-controlled manufacturing equipment, precise technological instructions, enhanced in-process inspections, and systematic compression measurements ensure the excellent quality of our products.\n<br><br>\nAn essential guarantee of excellent quality is that our company operates a quality management system audited according to the MSZ EN ISO 9001:2009 standard. This ensures that the quality of our products and services fully complies with European standards and requirements.\n<br><br>\nIn 2015, our company successfully applied for the SZ\u00c9CHENYI 2020 GINOP-1.2.2-15 grant to acquire special knitting machines suitable for the production of compression stockings. More information about the project can be found in the News and Updates section.<\/p>\n\t\t\t\t\t<\/div>\n\t\t    \t\t\t\t<\/div>\n\t\t\t\t<\/div>\n\t\t\t\t<\/div>\n\t\t\t\t\t<\/div>\n\t\t\t\t<\/div>\n\t\t\t\t<\/div>","protected":false},"excerpt":{"rendered":"<p>Bemutatkozunk Home &nbsp; Bemutatkozunk Az 1990. \u00e9vben alakult Pharmatextil Kft gy\u00f3gy\u00e1szati \u00e9s megel\u0151z\u0151 c\u00e9l\u00fa rugalmas, kompresszi\u00f3s textilterm\u00e9keket, t\u00f6bbek k\u00f6z\u00f6tt l\u00e1b- \u00e9s karharisny\u00e1kat gy\u00e1rt. A v\u00e1llalat m\u0171szaki \u00e9s technol\u00f3giai fejleszt\u00e9sei a gy\u00e1rt\u00e1shoz felhaszn\u00e1lt legkorszer\u0171bb alapanyagok, a sz\u00e1m\u00edt\u00f3g\u00e9p vez\u00e9rl\u00e9s\u0171 gy\u00e1rt\u00f3berendez\u00e9sek, a pontos technol\u00f3giai utas\u00edt\u00e1sok, a fokozott gy\u00e1rt\u00e1sk\u00f6zi ellen\u0151rz\u00e9sek \u00e9s a tervszer\u0171 kompresszi\u00f3 m\u00e9r\u00e9sek biztos\u00edtj\u00e1k term\u00e9keink kiv\u00e1l\u00f3 min\u0151s\u00e9g\u00e9t. [&hellip;]<\/p>","protected":false},"author":1,"featured_media":0,"parent":0,"menu_order":0,"comment_status":"closed","ping_status":"closed","template":"invite-template.php","meta":{"footnotes":""},"class_list":["post-887","page","type-page","status-publish","hentry"],"_links":{"self":[{"href":"https:\/\/gyogyharisnya.hu\/en\/wp-json\/wp\/v2\/pages\/887","targetHints":{"allow":["GET"]}}],"collection":[{"href":"https:\/\/gyogyharisnya.hu\/en\/wp-json\/wp\/v2\/pages"}],"about":[{"href":"https:\/\/gyogyharisnya.hu\/en\/wp-json\/wp\/v2\/types\/page"}],"author":[{"embeddable":true,"href":"https:\/\/gyogyharisnya.hu\/en\/wp-json\/wp\/v2\/users\/1"}],"replies":[{"embeddable":true,"href":"https:\/\/gyogyharisnya.hu\/en\/wp-json\/wp\/v2\/comments?post=887"}],"version-history":[{"count":7,"href":"https:\/\/gyogyharisnya.hu\/en\/wp-json\/wp\/v2\/pages\/887\/revisions"}],"predecessor-version":[{"id":5343,"href":"https:\/\/gyogyharisnya.hu\/en\/wp-json\/wp\/v2\/pages\/887\/revisions\/5343"}],"wp:attachment":[{"href":"https:\/\/gyogyharisnya.hu\/en\/wp-json\/wp\/v2\/media?parent=887"}],"curies":[{"name":"wp","href":"https:\/\/api.w.org\/{rel}","templated":true}]}}